{"id":7571,"date":"2022-06-15T08:47:26","date_gmt":"2022-06-15T08:47:26","guid":{"rendered":"https:\/\/www.vendingmartinez.cat\/politica-de-privacidad-y-condiciones\/"},"modified":"2022-06-15T13:02:16","modified_gmt":"2022-06-15T13:02:16","slug":"politica-de-privacidad-y-condiciones","status":"publish","type":"page","link":"https:\/\/www.vendingmartinez.cat\/ca\/politica-de-privacidad-y-condiciones\/","title":{"rendered":"Pol\u00edtica de privacitat i Condicions"},"content":{"rendered":"\t\t<div data-elementor-type=\"wp-page\" data-elementor-id=\"7571\" class=\"elementor elementor-7571 elementor-7560\" data-elementor-settings=\"{&quot;ha_cmc_init_switcher&quot;:&quot;no&quot;}\" data-elementor-post-type=\"page\">\n\t\t\t\t\t\t<section class=\"elementor-section elementor-top-section elementor-element elementor-element-3a274e1 elementor-section-boxed elementor-section-height-default elementor-section-height-default\" data-id=\"3a274e1\" data-element_type=\"section\" data-e-type=\"section\" data-settings=\"{&quot;background_background&quot;:&quot;classic&quot;,&quot;_ha_eqh_enable&quot;:false}\">\n\t\t\t\t\t\t\t<div class=\"elementor-background-overlay\"><\/div>\n\t\t\t\t\t\t\t<div class=\"elementor-container elementor-column-gap-no\">\n\t\t\t\t\t<div class=\"elementor-column elementor-col-100 elementor-top-column elementor-element elementor-element-75a734e\" data-id=\"75a734e\" data-element_type=\"column\" data-e-type=\"column\">\n\t\t\t<div class=\"elementor-widget-wrap elementor-element-populated\">\n\t\t\t\t\t\t<div class=\"elementor-element elementor-element-ec3ffe6 elementor-widget elementor-widget-heading\" data-id=\"ec3ffe6\" data-element_type=\"widget\" data-e-type=\"widget\" data-widget_type=\"heading.default\">\n\t\t\t\t<div class=\"elementor-widget-container\">\n\t\t\t\t\t<h2 class=\"elementor-heading-title elementor-size-default\">Pol\u00edtica de privacidad y Condiciones<\/h2>\t\t\t\t<\/div>\n\t\t\t\t<\/div>\n\t\t\t\t\t<\/div>\n\t\t<\/div>\n\t\t\t\t\t<\/div>\n\t\t<\/section>\n\t\t\t\t<section class=\"elementor-section elementor-top-section elementor-element elementor-element-454f9c4 elementor-section-boxed elementor-section-height-default elementor-section-height-default\" data-id=\"454f9c4\" data-element_type=\"section\" data-e-type=\"section\" data-settings=\"{&quot;_ha_eqh_enable&quot;:false}\">\n\t\t\t\t\t\t<div class=\"elementor-container elementor-column-gap-no\">\n\t\t\t\t\t<div class=\"elementor-column elementor-col-100 elementor-top-column elementor-element elementor-element-d8b2043\" data-id=\"d8b2043\" data-element_type=\"column\" data-e-type=\"column\">\n\t\t\t<div class=\"elementor-widget-wrap elementor-element-populated\">\n\t\t\t\t\t\t<div class=\"elementor-element elementor-element-24e4abe elementor-widget elementor-widget-text-editor\" data-id=\"24e4abe\" data-element_type=\"widget\" data-e-type=\"widget\" data-widget_type=\"text-editor.default\">\n\t\t\t\t<div class=\"elementor-widget-container\">\n\t\t\t\t\t\t\t\t\t<p class=\"p1\"><span class=\"s1\"><b>M\u00c8TODES DE PAGAMENT<\/b><\/span><\/p><p class=\"p1\"><i>Targeta de cr\u00e8dit (VISA\/MASTERCARD)<\/i><\/p><p class=\"p3\">Pagament immediat mitjan\u00e7ant transacci\u00f3 totalment segura i validada per la seva entitat banc\u00e0ria. El client rebr\u00e0 un correu electr\u00f2nic de confirmaci\u00f3 del pagament de la seva comanda amb el n\u00famero de transacci\u00f3 realitzada.<\/p><p class=\"p5\"><i>Preus<\/i><\/p><p class=\"p5\">Els preus dels productes de la p\u00e0gina web, inclouen l\u2019IVA. Abans de finalitzar la compra, es podr\u00e0 veure desglossat el preu i l\u2019IVA a l\u2019obrir la meva cistella. Les despeses d\u2019enviament no estan incloses.<\/p><p class=\"p5\">Les despeses d\u2019enviament variaran en funci\u00f3 del lloc de lliurament i l\u2019import de la compra. Aquest import ser\u00e0 indicat a la cistella abans de confirmar la comanda per veure el cost d\u2019aquest.<\/p><p class=\"p1\"><span class=\"s1\"><b>TRANSPORT<\/b><\/span><\/p><table class=\"t1\" cellspacing=\"0\" cellpadding=\"0\"><tbody><tr><td class=\"td1\" valign=\"top\">\u00a0<\/td><td class=\"td2\" valign=\"top\"><p class=\"p9\"><b>PEN\u00cdNSULA<\/b><\/p><\/td><td class=\"td3\" valign=\"top\"><p class=\"p9\"><b>ILLES BALEARS<\/b><\/p><\/td><td class=\"td4\" valign=\"top\"><p class=\"p9\"><b>PORTUGAL<\/b><\/p><\/td><\/tr><tr><td class=\"td1\" valign=\"top\"><p class=\"p9\"><b>DE 0-30\u20ac<\/b><\/p><\/td><td class=\"td2\" valign=\"top\"><p class=\"p9\">6.50\u20ac<\/p><\/td><td class=\"td3\" valign=\"top\"><p class=\"p9\">12\u20ac<\/p><\/td><td class=\"td4\" valign=\"top\"><p class=\"p9\">7.50\u20ac<\/p><\/td><\/tr><tr><td class=\"td1\" valign=\"top\"><p class=\"p9\"><b>DE 30-80\u20ac<\/b><\/p><\/td><td class=\"td2\" valign=\"top\"><p class=\"p9\"><b>GRATU\u00cfT<\/b><\/p><\/td><td class=\"td3\" valign=\"top\"><p class=\"p9\">9.50\u20ac<\/p><\/td><td class=\"td4\" valign=\"top\"><p class=\"p9\">7.50\u20ac<\/p><\/td><\/tr><tr><td class=\"td1\" valign=\"top\"><p class=\"p9\"><b>+DE 80\u20ac<\/b><\/p><\/td><td class=\"td2\" valign=\"top\"><p class=\"p9\"><b>GRATU\u00cfT<\/b><\/p><\/td><td class=\"td3\" valign=\"top\"><p class=\"p9\"><b>GRATU\u00cfT<\/b><\/p><\/td><td class=\"td4\" valign=\"top\"><p class=\"p9\"><b>GRATU\u00cfT<\/b><\/p><\/td><\/tr><\/tbody><\/table><p class=\"p10\">* Preus sense IVA<\/p><p class=\"p10\">* Actualment no fem enviaments a Canarias, Ceuta i Melilla.<\/p><p class=\"p10\">Els productes que oferim a la nostra p\u00e0gina web es serveixen dins del territori peninsular espanyol, a les Illes Balears i Portugal.<\/p><p class=\"p10\"><span class=\"s1\"><b>SERVEI DE LLIURAMENT<\/b><\/span><\/p><p class=\"p10\">El pla\u00e7 de lliurament variara segons la zona d\u2019entrega.<\/p><p class=\"p10\">L\u2019empresa de transport efectuar\u00e0 les entregues<span class=\"Apple-converted-space\">\u00a0 <\/span>a domicili,<span class=\"Apple-converted-space\">\u00a0 <\/span>en dies laborables dins de la Pen\u00ednsula, Illes Balears i<span class=\"Apple-converted-space\">\u00a0 <\/span>Portugal, en un pla\u00e7 de 24\/48\/72h, en horari de mat\u00ed o tarda.<\/p><p class=\"p10\">L\u2019ag\u00e8ncia de transport ofereix la data d\u2019entrega del producte. Si no s\u2019ajusta a la desitjada, caldr\u00e0 posar-se d\u2019acord directament amb l\u2019ag\u00e8ncia, per a concretar-ne un altre.<\/p><p class=\"p10\">L\u2019anul\u00b7laci\u00f3 de la comanda un cop sol\u00b7licitada, i la impossibilitat de concretar una data de lliurament, segons les establertes, les seves despeses d\u2019enviament i retorn de la entrega no realitzada seran assumides per part del client, com si fos una devoluci\u00f3.<\/p><p class=\"p10\">En el moment en que el client es troba absent a la direcci\u00f3 detallada en el dia detallat, se li notificara mitjan\u00e7ant av\u00eds. Es faran dos intents d\u2019entrega, en cas que el segon no el localitzin, el paquet es quedara retingut 10 dies en dest\u00ed.<\/p><p class=\"p10\">S\u2019estableix un pla\u00e7 de 10 dies laborables per<span class=\"Apple-converted-space\">\u00a0 <\/span>a que el client vagi a recollir el paquet retingut a la seu de la oficina transportista. Transcorregut aquest pla\u00e7 el paquet ser\u00e0 retornat a la delegaci\u00f3 remitent, les despeses de devoluci\u00f3, aniran a compte del client.<\/p><p class=\"p10\">perqu\u00e8<span class=\"Apple-converted-space\">\u00a0 <\/span>el client el vagi a recollir,<\/p><p class=\"p10\">El client verificar\u00e0 el perfecte estat del paquet en el moment en ser entregat. De tal manera,<span class=\"Apple-converted-space\">\u00a0 <\/span>si arribes defectu\u00f3s<span class=\"Apple-converted-space\">\u00a0 <\/span>caldria notificar-ho a la delegaci\u00f3 per a procedir al seu reclam.<\/p><p class=\"p10\">La mercaderia, es troba coberta per riscos de transport, p\u00e8rdua, manipulaci\u00f3&#8230; un cop verificat l\u2019estat, el client indicara els defectes a l\u2019albar\u00e0 del transportista quan es realitzi l\u2019entrega, o en el seu defecte, rebutjar-la si est\u00e0 malm\u00e8s, i notificar-ho mitjan\u00e7ant correu electr\u00f2nic a <span class=\"s2\"> HYPERLINK &#8220;mailto:vending@vendingmartinez.cat&#8221;<\/span><span class=\"s1\">vending@vendingmartinez.cat<\/span> o per telf. 93,803,63,16<\/p><p class=\"p10\">En cas de retorn, realitzar-ho amb l\u2019estat exacte en qu\u00e8 s\u2019han trobat el producte.<\/p><p class=\"p13\"><span class=\"s1\"><b>DEVOLUCIONS<\/b><\/span><\/p><p class=\"p14\">Segons l\u2019art\u00edcle 101 de la Llei General per la Defensa dels Consumidors i usuaris, el client disposa de 14 d\u00edes naturals per comunicar la devoluci\u00f3 d\u2019un producte<span class=\"Apple-converted-space\">\u00a0 <\/span>a Vending Mart\u00ednez, des del primer dia de la recepci\u00f3 i sense justificaci\u00f3 del motiu, sempre i quan el producte no hagi estat desprecintat i no sigui apte per ser retornat.<\/p><p class=\"p14\"><span class=\"s1\"><b>CANCEL\u00b7LACI\u00d3<\/b><\/span><\/p><p class=\"p14\">Per realitzar la cancel\u00b7laci\u00f3 d\u2019una comanda, ho podr\u00e0s fer, posant-te en contacte mitjan\u00e7ant el correu<span class=\"Apple-converted-space\">\u00a0 <\/span>HYPERLINK &#8220;mailto:vending@vendingmartinez.cat&#8221;<span class=\"s3\">vending@vendingmartinez.cat<\/span> HYPERLINK &#8220;&#8221;, i aquesta no hagi estat enviada.<\/p><p class=\"p14\">En cas contrari, haureu de fer la devoluci\u00f3 despr\u00e8s d\u2019haver rebut el paquet.<\/p><p class=\"p14\"><span class=\"s1\"><b>DETALLS DE LA CANCEL\u00b7LACI\u00d3 D\u2019UN PRODUCTE.<\/b><\/span><\/p><p class=\"p14\">Dins del pla\u00e7 de 14 dies consecutius per retornar el producte, un cop rebut en perfecte estat s\u2019efectuar\u00e0 el reembors<span class=\"Apple-converted-space\">\u00a0 <\/span>d\u2019aquest utilitzant el mateix mitj\u00e0 de pagament<\/p><p class=\"p14\">Es responsabilitza del valor, el bon funcionament i de la mateixa naturalesa del producte, per a qu\u00e8 el reembors s&#8217;efectu\u00ef pel mateix valor.<\/p>\t\t\t\t\t\t\t\t<\/div>\n\t\t\t\t<\/div>\n\t\t\t\t\t<\/div>\n\t\t<\/div>\n\t\t\t\t\t<\/div>\n\t\t<\/section>\n\t\t\t\t<\/div>\n\t\t","protected":false},"excerpt":{"rendered":"<p>Pol\u00edtica de privacidad y Condiciones M\u00c8TODES DE PAGAMENT Targeta de cr\u00e8dit (VISA\/MASTERCARD) Pagament immediat mitjan\u00e7ant transacci\u00f3 totalment segura i validada per la seva entitat banc\u00e0ria. El client rebr\u00e0 un correu electr\u00f2nic de confirmaci\u00f3 del pagament de la seva comanda amb el n\u00famero de transacci\u00f3 realitzada. Preus Els preus dels productes de la p\u00e0gina web, inclouen [&hellip;]<\/p>\n","protected":false},"author":1,"featured_media":0,"parent":0,"menu_order":0,"comment_status":"closed","ping_status":"closed","template":"elementor_header_footer","meta":{"footnotes":""},"class_list":["post-7571","page","type-page","status-publish","hentry"],"jetpack_sharing_enabled":true,"_links":{"self":[{"href":"https:\/\/www.vendingmartinez.cat\/ca\/wp-json\/wp\/v2\/pages\/7571","targetHints":{"allow":["GET"]}}],"collection":[{"href":"https:\/\/www.vendingmartinez.cat\/ca\/wp-json\/wp\/v2\/pages"}],"about":[{"href":"https:\/\/www.vendingmartinez.cat\/ca\/wp-json\/wp\/v2\/types\/page"}],"author":[{"embeddable":true,"href":"https:\/\/www.vendingmartinez.cat\/ca\/wp-json\/wp\/v2\/users\/1"}],"replies":[{"embeddable":true,"href":"https:\/\/www.vendingmartinez.cat\/ca\/wp-json\/wp\/v2\/comments?post=7571"}],"version-history":[{"count":0,"href":"https:\/\/www.vendingmartinez.cat\/ca\/wp-json\/wp\/v2\/pages\/7571\/revisions"}],"wp:attachment":[{"href":"https:\/\/www.vendingmartinez.cat\/ca\/wp-json\/wp\/v2\/media?parent=7571"}],"curies":[{"name":"wp","href":"https:\/\/api.w.org\/{rel}","templated":true}]}}