{"id":6896,"date":"2019-12-17T04:39:01","date_gmt":"2019-12-17T04:39:01","guid":{"rendered":"https:\/\/www.vendingmartinez.cat\/producto\/lavazza-espresso-point-crema-aroma-f-gran-espresso-100u\/"},"modified":"2026-03-06T08:24:01","modified_gmt":"2026-03-06T08:24:01","slug":"lavazza-espresso-point-crema-aroma-f-gran-espresso-100u","status":"publish","type":"product","link":"https:\/\/www.vendingmartinez.cat\/ca\/producte\/lavazza-espresso-point-crema-aroma-f-gran-espresso-100u\/","title":{"rendered":"Lavazza Espresso Point Crema &amp; Aroma &#8216;F&#8217; \/ Gran Espresso (100u)"},"content":{"rendered":"<p>[vc_row][vc_column][vc_column_text]<\/p>\n<p>Blend compost per les millors Ar\u00e0biques centre i sud-americanes i els m\u00e9s selectes Robustos africans. Un blend fort, amb un regust dol\u00e7 i persistent. El grau especial en qu\u00e8 es m\u00f2lt el fa perfecte, aix\u00ed mateix, per preparar un espresso llarg.<\/p>\n<p>[\/vc_column_text][\/vc_column][\/vc_row]<\/p>\n","protected":false},"excerpt":{"rendered":"<p>Blend compost per les millors Ar\u00e0biques centre i sud-americanes i els m\u00e9s selectes Robustos africans.<\/p>\n","protected":false},"featured_media":6636,"comment_status":"closed","ping_status":"closed","template":"","meta":[],"product_brand":[],"product_cat":[222,223],"product_tag":[],"class_list":{"0":"post-6896","1":"product","2":"type-product","3":"status-publish","4":"has-post-thumbnail","6":"product_cat-capsules-ca","7":"product_cat-lavazza-espresso-point-ca","9":"first","10":"instock","11":"purchasable","12":"product-type-simple"},"jetpack_sharing_enabled":true,"_links":{"self":[{"href":"https:\/\/www.vendingmartinez.cat\/ca\/wp-json\/wp\/v2\/product\/6896","targetHints":{"allow":["GET"]}}],"collection":[{"href":"https:\/\/www.vendingmartinez.cat\/ca\/wp-json\/wp\/v2\/product"}],"about":[{"href":"https:\/\/www.vendingmartinez.cat\/ca\/wp-json\/wp\/v2\/types\/product"}],"replies":[{"embeddable":true,"href":"https:\/\/www.vendingmartinez.cat\/ca\/wp-json\/wp\/v2\/comments?post=6896"}],"version-history":[{"count":1,"href":"https:\/\/www.vendingmartinez.cat\/ca\/wp-json\/wp\/v2\/product\/6896\/revisions"}],"predecessor-version":[{"id":8138,"href":"https:\/\/www.vendingmartinez.cat\/ca\/wp-json\/wp\/v2\/product\/6896\/revisions\/8138"}],"wp:featuredmedia":[{"embeddable":true,"href":"https:\/\/www.vendingmartinez.cat\/ca\/wp-json\/wp\/v2\/media\/6636"}],"wp:attachment":[{"href":"https:\/\/www.vendingmartinez.cat\/ca\/wp-json\/wp\/v2\/media?parent=6896"}],"wp:term":[{"taxonomy":"product_brand","embeddable":true,"href":"https:\/\/www.vendingmartinez.cat\/ca\/wp-json\/wp\/v2\/product_brand?post=6896"},{"taxonomy":"product_cat","embeddable":true,"href":"https:\/\/www.vendingmartinez.cat\/ca\/wp-json\/wp\/v2\/product_cat?post=6896"},{"taxonomy":"product_tag","embeddable":true,"href":"https:\/\/www.vendingmartinez.cat\/ca\/wp-json\/wp\/v2\/product_tag?post=6896"}],"curies":[{"name":"wp","href":"https:\/\/api.w.org\/{rel}","templated":true}]}}