{"id":6899,"date":"2020-10-27T09:19:01","date_gmt":"2020-10-27T09:19:01","guid":{"rendered":"https:\/\/www.vendingmartinez.cat\/producto\/lavazza-espresso-point-descafeinat-50u\/"},"modified":"2026-03-06T08:23:50","modified_gmt":"2026-03-06T08:23:50","slug":"lavazza-espresso-point-descafeinat-50u","status":"publish","type":"product","link":"https:\/\/www.vendingmartinez.cat\/ca\/producte\/lavazza-espresso-point-descafeinat-50u\/","title":{"rendered":"Lavazza Espresso Point Descafe\u00efnat (100u)"},"content":{"rendered":"<p>100% ar\u00e0bica del sud d&#8217;Am\u00e8rica. Caf\u00e8 molt arom\u00e0tic de gust rod\u00f3 i dol\u00e7. Caf\u00e8 molt arom\u00e0tic de gust rod\u00f3 i dol\u00e7. Per prendre sol o amb llet.<\/p>\n","protected":false},"excerpt":{"rendered":"<p>100% ar\u00e0bica del sud d&#8217;Am\u00e8rica. Caf\u00e8 molt arom\u00e0tic de gust rod\u00f3 i dol\u00e7.<\/p>\n","protected":false},"featured_media":6638,"comment_status":"closed","ping_status":"closed","template":"","meta":[],"product_brand":[],"product_cat":[222,223],"product_tag":[],"class_list":{"0":"post-6899","1":"product","2":"type-product","3":"status-publish","4":"has-post-thumbnail","6":"product_cat-capsules-ca","7":"product_cat-lavazza-espresso-point-ca","9":"first","10":"instock","11":"purchasable","12":"product-type-simple"},"jetpack_sharing_enabled":true,"_links":{"self":[{"href":"https:\/\/www.vendingmartinez.cat\/ca\/wp-json\/wp\/v2\/product\/6899","targetHints":{"allow":["GET"]}}],"collection":[{"href":"https:\/\/www.vendingmartinez.cat\/ca\/wp-json\/wp\/v2\/product"}],"about":[{"href":"https:\/\/www.vendingmartinez.cat\/ca\/wp-json\/wp\/v2\/types\/product"}],"replies":[{"embeddable":true,"href":"https:\/\/www.vendingmartinez.cat\/ca\/wp-json\/wp\/v2\/comments?post=6899"}],"version-history":[{"count":1,"href":"https:\/\/www.vendingmartinez.cat\/ca\/wp-json\/wp\/v2\/product\/6899\/revisions"}],"predecessor-version":[{"id":8137,"href":"https:\/\/www.vendingmartinez.cat\/ca\/wp-json\/wp\/v2\/product\/6899\/revisions\/8137"}],"wp:featuredmedia":[{"embeddable":true,"href":"https:\/\/www.vendingmartinez.cat\/ca\/wp-json\/wp\/v2\/media\/6638"}],"wp:attachment":[{"href":"https:\/\/www.vendingmartinez.cat\/ca\/wp-json\/wp\/v2\/media?parent=6899"}],"wp:term":[{"taxonomy":"product_brand","embeddable":true,"href":"https:\/\/www.vendingmartinez.cat\/ca\/wp-json\/wp\/v2\/product_brand?post=6899"},{"taxonomy":"product_cat","embeddable":true,"href":"https:\/\/www.vendingmartinez.cat\/ca\/wp-json\/wp\/v2\/product_cat?post=6899"},{"taxonomy":"product_tag","embeddable":true,"href":"https:\/\/www.vendingmartinez.cat\/ca\/wp-json\/wp\/v2\/product_tag?post=6899"}],"curies":[{"name":"wp","href":"https:\/\/api.w.org\/{rel}","templated":true}]}}