{"id":6902,"date":"2020-10-27T09:41:01","date_gmt":"2020-10-27T09:41:01","guid":{"rendered":"https:\/\/www.vendingmartinez.cat\/producto\/lavazza-espresso-point-di-piu-te-al-limon-50u\/"},"modified":"2020-10-27T09:41:01","modified_gmt":"2020-10-27T09:41:01","slug":"lavazza-espresso-point-of-more-you-with-limon-50u","status":"publish","type":"product","link":"https:\/\/www.vendingmartinez.cat\/ca\/producte\/lavazza-espresso-point-of-more-you-with-limon-50u\/","title":{"rendered":"Lavazza Espresso Point &#8211; Di Pi\u00f9 &#8211; T\u00e9 al lim\u00f3n (50u)"},"content":{"rendered":"<p>La barreja Di Pi\u00f9 de te negre aromatitzat amb llimona.<br \/>\nEn caixes de 50 o. (25 paquets de 2 c\u00e0psules).<\/p>\n<p>Pot contenir traces de gluten<\/p>\n","protected":false},"excerpt":{"rendered":"<p>La barreja Di Pi\u00f9 de te negre aromatitzat amb llimona.<\/p>\n","protected":false},"featured_media":6641,"comment_status":"closed","ping_status":"closed","template":"","meta":[],"product_brand":[],"product_cat":[222,223],"product_tag":[],"class_list":{"0":"post-6902","1":"product","2":"type-product","3":"status-publish","4":"has-post-thumbnail","6":"product_cat-capsules-ca","7":"product_cat-lavazza-espresso-point-ca","9":"first","10":"instock","11":"purchasable","12":"product-type-simple"},"jetpack_sharing_enabled":true,"_links":{"self":[{"href":"https:\/\/www.vendingmartinez.cat\/ca\/wp-json\/wp\/v2\/product\/6902","targetHints":{"allow":["GET"]}}],"collection":[{"href":"https:\/\/www.vendingmartinez.cat\/ca\/wp-json\/wp\/v2\/product"}],"about":[{"href":"https:\/\/www.vendingmartinez.cat\/ca\/wp-json\/wp\/v2\/types\/product"}],"replies":[{"embeddable":true,"href":"https:\/\/www.vendingmartinez.cat\/ca\/wp-json\/wp\/v2\/comments?post=6902"}],"version-history":[{"count":0,"href":"https:\/\/www.vendingmartinez.cat\/ca\/wp-json\/wp\/v2\/product\/6902\/revisions"}],"wp:featuredmedia":[{"embeddable":true,"href":"https:\/\/www.vendingmartinez.cat\/ca\/wp-json\/wp\/v2\/media\/6641"}],"wp:attachment":[{"href":"https:\/\/www.vendingmartinez.cat\/ca\/wp-json\/wp\/v2\/media?parent=6902"}],"wp:term":[{"taxonomy":"product_brand","embeddable":true,"href":"https:\/\/www.vendingmartinez.cat\/ca\/wp-json\/wp\/v2\/product_brand?post=6902"},{"taxonomy":"product_cat","embeddable":true,"href":"https:\/\/www.vendingmartinez.cat\/ca\/wp-json\/wp\/v2\/product_cat?post=6902"},{"taxonomy":"product_tag","embeddable":true,"href":"https:\/\/www.vendingmartinez.cat\/ca\/wp-json\/wp\/v2\/product_tag?post=6902"}],"curies":[{"name":"wp","href":"https:\/\/api.w.org\/{rel}","templated":true}]}}