{"id":6905,"date":"2020-10-27T10:23:01","date_gmt":"2020-10-27T10:23:01","guid":{"rendered":"https:\/\/www.vendingmartinez.cat\/producto\/cafe-lavazza-blue-intenso-100-u\/"},"modified":"2020-10-27T10:23:01","modified_gmt":"2020-10-27T10:23:01","slug":"cafe-lavazza-blau-intens-100-u","status":"publish","type":"product","link":"https:\/\/www.vendingmartinez.cat\/ca\/producte\/cafe-lavazza-blau-intens-100-u\/","title":{"rendered":"Caf\u00e9 Lavazza Blue Intenso (100 u.)"},"content":{"rendered":"<p>Mescla cremosa, especialment intensa, amb un regust persistent i equilibrat. Elaborat amb les millors varietats Ar\u00e0biques de centre i Sud-am\u00e8rica barrejades amb Robusta de Sud-est asi\u00e0tic.<\/p>\n","protected":false},"excerpt":{"rendered":"<p>Mescla cremosa, especialment intensa, amb un regust persistent i equilibrat.<\/p>\n","protected":false},"featured_media":6644,"comment_status":"closed","ping_status":"closed","template":"","meta":[],"product_brand":[],"product_cat":[222,243],"product_tag":[],"class_list":{"0":"post-6905","1":"product","2":"type-product","3":"status-publish","4":"has-post-thumbnail","6":"product_cat-capsules-ca","7":"product_cat-blau-lavazza-ca","9":"first","10":"instock","11":"purchasable","12":"product-type-simple"},"jetpack_sharing_enabled":true,"_links":{"self":[{"href":"https:\/\/www.vendingmartinez.cat\/ca\/wp-json\/wp\/v2\/product\/6905","targetHints":{"allow":["GET"]}}],"collection":[{"href":"https:\/\/www.vendingmartinez.cat\/ca\/wp-json\/wp\/v2\/product"}],"about":[{"href":"https:\/\/www.vendingmartinez.cat\/ca\/wp-json\/wp\/v2\/types\/product"}],"replies":[{"embeddable":true,"href":"https:\/\/www.vendingmartinez.cat\/ca\/wp-json\/wp\/v2\/comments?post=6905"}],"version-history":[{"count":0,"href":"https:\/\/www.vendingmartinez.cat\/ca\/wp-json\/wp\/v2\/product\/6905\/revisions"}],"wp:featuredmedia":[{"embeddable":true,"href":"https:\/\/www.vendingmartinez.cat\/ca\/wp-json\/wp\/v2\/media\/6644"}],"wp:attachment":[{"href":"https:\/\/www.vendingmartinez.cat\/ca\/wp-json\/wp\/v2\/media?parent=6905"}],"wp:term":[{"taxonomy":"product_brand","embeddable":true,"href":"https:\/\/www.vendingmartinez.cat\/ca\/wp-json\/wp\/v2\/product_brand?post=6905"},{"taxonomy":"product_cat","embeddable":true,"href":"https:\/\/www.vendingmartinez.cat\/ca\/wp-json\/wp\/v2\/product_cat?post=6905"},{"taxonomy":"product_tag","embeddable":true,"href":"https:\/\/www.vendingmartinez.cat\/ca\/wp-json\/wp\/v2\/product_tag?post=6905"}],"curies":[{"name":"wp","href":"https:\/\/api.w.org\/{rel}","templated":true}]}}