{"id":6908,"date":"2020-10-27T10:30:01","date_gmt":"2020-10-27T10:30:01","guid":{"rendered":"https:\/\/www.vendingmartinez.cat\/producto\/cafe-lavazza-blue-terra-100-u\/"},"modified":"2020-10-27T10:30:01","modified_gmt":"2020-10-27T10:30:01","slug":"cafe-lavazza-blau-tierra-100-u","status":"publish","type":"product","link":"https:\/\/www.vendingmartinez.cat\/ca\/producte\/cafe-lavazza-blau-tierra-100-u\/","title":{"rendered":"Caf\u00e8 Lavazza Blue Terra (100 u.)"},"content":{"rendered":"<p>Blend de Caf\u00e8 100% Ar\u00e0bic rentat, de qualitat sostenible, molt arom\u00e0tic i dol\u00e7, amb una crema suau i consistent elaborat amb la millor selecci\u00f3 d&#8217;Ar\u00e0bics d&#8217;Am\u00e8rica del Sud per crear un blend \u00fanic.<\/p>\n","protected":false},"excerpt":{"rendered":"<p>Blend de Caf\u00e8 100% Ar\u00e0bic rentat, de qualitat sostenible, molt arom\u00e0tic i dol\u00e7, amb una crema suau i consistent elaborat amb la millor selecci\u00f3 d&#8217;Ar\u00e0bics d&#8217;Am\u00e8rica del Sud per crear un blend \u00fanic.<\/p>\n","protected":false},"featured_media":6647,"comment_status":"closed","ping_status":"closed","template":"","meta":[],"product_brand":[],"product_cat":[222,243],"product_tag":[],"class_list":{"0":"post-6908","1":"product","2":"type-product","3":"status-publish","4":"has-post-thumbnail","6":"product_cat-capsules-ca","7":"product_cat-blau-lavazza-ca","9":"first","10":"instock","11":"purchasable","12":"product-type-simple"},"jetpack_sharing_enabled":true,"_links":{"self":[{"href":"https:\/\/www.vendingmartinez.cat\/ca\/wp-json\/wp\/v2\/product\/6908","targetHints":{"allow":["GET"]}}],"collection":[{"href":"https:\/\/www.vendingmartinez.cat\/ca\/wp-json\/wp\/v2\/product"}],"about":[{"href":"https:\/\/www.vendingmartinez.cat\/ca\/wp-json\/wp\/v2\/types\/product"}],"replies":[{"embeddable":true,"href":"https:\/\/www.vendingmartinez.cat\/ca\/wp-json\/wp\/v2\/comments?post=6908"}],"version-history":[{"count":0,"href":"https:\/\/www.vendingmartinez.cat\/ca\/wp-json\/wp\/v2\/product\/6908\/revisions"}],"wp:featuredmedia":[{"embeddable":true,"href":"https:\/\/www.vendingmartinez.cat\/ca\/wp-json\/wp\/v2\/media\/6647"}],"wp:attachment":[{"href":"https:\/\/www.vendingmartinez.cat\/ca\/wp-json\/wp\/v2\/media?parent=6908"}],"wp:term":[{"taxonomy":"product_brand","embeddable":true,"href":"https:\/\/www.vendingmartinez.cat\/ca\/wp-json\/wp\/v2\/product_brand?post=6908"},{"taxonomy":"product_cat","embeddable":true,"href":"https:\/\/www.vendingmartinez.cat\/ca\/wp-json\/wp\/v2\/product_cat?post=6908"},{"taxonomy":"product_tag","embeddable":true,"href":"https:\/\/www.vendingmartinez.cat\/ca\/wp-json\/wp\/v2\/product_tag?post=6908"}],"curies":[{"name":"wp","href":"https:\/\/api.w.org\/{rel}","templated":true}]}}