{"id":6910,"date":"2020-10-27T10:35:01","date_gmt":"2020-10-27T10:35:01","guid":{"rendered":"https:\/\/www.vendingmartinez.cat\/producto\/cafe-lavazza-blue-espresso-ricco-100-u\/"},"modified":"2020-10-27T10:35:01","modified_gmt":"2020-10-27T10:35:01","slug":"cafe-lavazza-blau-espresso-ric-100-u","status":"publish","type":"product","link":"https:\/\/www.vendingmartinez.cat\/ca\/producte\/cafe-lavazza-blau-espresso-ric-100-u\/","title":{"rendered":"Caf\u00e9 Lavazza Blue Espresso Ricco (100 u.)"},"content":{"rendered":"<p>Blend crem\u00f3s, amb bon cos i sabor licor\u00f3s i xocolatat. El proc\u00e9s de tortaci\u00f3 especial i el sistema de preparaci\u00f3 innovador donen com a resultat un espresso ric, amb matisos de xocolata, regust persistent i cos excel\u00b7lent.<\/p>\n","protected":false},"excerpt":{"rendered":"<p>Blend crem\u00f3s, amb bon cos i sabor licor\u00f3s i xocolatat.<\/p>\n","protected":false},"featured_media":6649,"comment_status":"closed","ping_status":"closed","template":"","meta":[],"product_brand":[],"product_cat":[222,243],"product_tag":[],"class_list":{"0":"post-6910","1":"product","2":"type-product","3":"status-publish","4":"has-post-thumbnail","6":"product_cat-capsules-ca","7":"product_cat-blau-lavazza-ca","9":"first","10":"instock","11":"purchasable","12":"product-type-simple"},"jetpack_sharing_enabled":true,"_links":{"self":[{"href":"https:\/\/www.vendingmartinez.cat\/ca\/wp-json\/wp\/v2\/product\/6910","targetHints":{"allow":["GET"]}}],"collection":[{"href":"https:\/\/www.vendingmartinez.cat\/ca\/wp-json\/wp\/v2\/product"}],"about":[{"href":"https:\/\/www.vendingmartinez.cat\/ca\/wp-json\/wp\/v2\/types\/product"}],"replies":[{"embeddable":true,"href":"https:\/\/www.vendingmartinez.cat\/ca\/wp-json\/wp\/v2\/comments?post=6910"}],"version-history":[{"count":0,"href":"https:\/\/www.vendingmartinez.cat\/ca\/wp-json\/wp\/v2\/product\/6910\/revisions"}],"wp:featuredmedia":[{"embeddable":true,"href":"https:\/\/www.vendingmartinez.cat\/ca\/wp-json\/wp\/v2\/media\/6649"}],"wp:attachment":[{"href":"https:\/\/www.vendingmartinez.cat\/ca\/wp-json\/wp\/v2\/media?parent=6910"}],"wp:term":[{"taxonomy":"product_brand","embeddable":true,"href":"https:\/\/www.vendingmartinez.cat\/ca\/wp-json\/wp\/v2\/product_brand?post=6910"},{"taxonomy":"product_cat","embeddable":true,"href":"https:\/\/www.vendingmartinez.cat\/ca\/wp-json\/wp\/v2\/product_cat?post=6910"},{"taxonomy":"product_tag","embeddable":true,"href":"https:\/\/www.vendingmartinez.cat\/ca\/wp-json\/wp\/v2\/product_tag?post=6910"}],"curies":[{"name":"wp","href":"https:\/\/api.w.org\/{rel}","templated":true}]}}