{"id":6911,"date":"2020-10-27T10:38:01","date_gmt":"2020-10-27T10:38:01","guid":{"rendered":"https:\/\/www.vendingmartinez.cat\/producto\/cafe-lavazza-blue-espresso-round-100-u\/"},"modified":"2020-10-27T10:38:01","modified_gmt":"2020-10-27T10:38:01","slug":"cafe-lavazza-blau-espresso-round-100-u","status":"publish","type":"product","link":"https:\/\/www.vendingmartinez.cat\/ca\/producte\/cafe-lavazza-blau-espresso-round-100-u\/","title":{"rendered":"Caf\u00e9 Lavazza Blue Espresso Round (100 u.)"},"content":{"rendered":"<p>Barreja de caf\u00e8 100% Ar\u00e0bica d&#8217;aroma dol\u00e7a i amb molt de cos, i crema vellutada, composta per les millors varietats de Brasil i \u00cdndia.<\/p>\n","protected":false},"excerpt":{"rendered":"<p>Barreja de caf\u00e8 100% Ar\u00e0bic d&#8217;aroma dol\u00e7a i amb molt de cos, i crema vellutada, composta per les millors varietats de Brasil i \u00cdndia.<\/p>\n","protected":false},"featured_media":6650,"comment_status":"closed","ping_status":"closed","template":"","meta":[],"product_brand":[],"product_cat":[222,243],"product_tag":[],"class_list":{"0":"post-6911","1":"product","2":"type-product","3":"status-publish","4":"has-post-thumbnail","6":"product_cat-capsules-ca","7":"product_cat-blau-lavazza-ca","9":"first","10":"instock","11":"purchasable","12":"product-type-simple"},"jetpack_sharing_enabled":true,"_links":{"self":[{"href":"https:\/\/www.vendingmartinez.cat\/ca\/wp-json\/wp\/v2\/product\/6911","targetHints":{"allow":["GET"]}}],"collection":[{"href":"https:\/\/www.vendingmartinez.cat\/ca\/wp-json\/wp\/v2\/product"}],"about":[{"href":"https:\/\/www.vendingmartinez.cat\/ca\/wp-json\/wp\/v2\/types\/product"}],"replies":[{"embeddable":true,"href":"https:\/\/www.vendingmartinez.cat\/ca\/wp-json\/wp\/v2\/comments?post=6911"}],"version-history":[{"count":0,"href":"https:\/\/www.vendingmartinez.cat\/ca\/wp-json\/wp\/v2\/product\/6911\/revisions"}],"wp:featuredmedia":[{"embeddable":true,"href":"https:\/\/www.vendingmartinez.cat\/ca\/wp-json\/wp\/v2\/media\/6650"}],"wp:attachment":[{"href":"https:\/\/www.vendingmartinez.cat\/ca\/wp-json\/wp\/v2\/media?parent=6911"}],"wp:term":[{"taxonomy":"product_brand","embeddable":true,"href":"https:\/\/www.vendingmartinez.cat\/ca\/wp-json\/wp\/v2\/product_brand?post=6911"},{"taxonomy":"product_cat","embeddable":true,"href":"https:\/\/www.vendingmartinez.cat\/ca\/wp-json\/wp\/v2\/product_cat?post=6911"},{"taxonomy":"product_tag","embeddable":true,"href":"https:\/\/www.vendingmartinez.cat\/ca\/wp-json\/wp\/v2\/product_tag?post=6911"}],"curies":[{"name":"wp","href":"https:\/\/api.w.org\/{rel}","templated":true}]}}