{"id":6917,"date":"2020-10-27T11:07:36","date_gmt":"2020-10-27T11:07:36","guid":{"rendered":"https:\/\/www.vendingmartinez.cat\/producto\/lavazza-a-modo-mio-delicious-espresso-16-u\/"},"modified":"2020-10-27T11:07:36","modified_gmt":"2020-10-27T11:07:36","slug":"lavazza-a-modo-my-delicious-espresso-16-u-2","status":"publish","type":"product","link":"https:\/\/www.vendingmartinez.cat\/ca\/producte\/lavazza-a-modo-my-delicious-espresso-16-u-2\/","title":{"rendered":"LAVAZZA A MODO MIO &#8211; DELICIOUS ESPRESSO (16 U.)"},"content":{"rendered":"<p>Una barreja d&#8217;Ar\u00e0bica brasiler, amb aroma de ra\u00efm blanc i tocs de fruita deshidratada, combinat amb caf\u00e8 Ar\u00e0bica de l&#8217;\u00cdndia, dol\u00e7 i amb notes florals, en un torrat mitj\u00e0 que aporta un bouquet suau, amb un regust dol\u00e7 i notes arom\u00e0tiques lleugerament licoroses.<br \/>\nL&#8217;espresso itali\u00e0 aut\u00e8ntic i suau.<\/p>\n","protected":false},"excerpt":{"rendered":"<p>Una barreja d&#8217;Ar\u00e0bica brasiler, amb aroma de ra\u00efm blanc i tocs de fruita deshidratada, combinat amb caf\u00e8 Ar\u00e0bica de l&#8217;\u00cdndia, dol\u00e7 i amb notes florals, en un torrat mitj\u00e0 que aporta un bouquet suau, amb un regust dol\u00e7 i notes arom\u00e0tiques lleugerament licoroses.<br \/>\nL&#8217;espresso itali\u00e0 aut\u00e8ntic i suau.<\/p>\n","protected":false},"featured_media":6889,"comment_status":"open","ping_status":"closed","template":"","meta":[],"product_brand":[],"product_cat":[240,222],"product_tag":[270,271,269],"class_list":{"0":"post-6917","1":"product","2":"type-product","3":"status-publish","4":"has-post-thumbnail","6":"product_cat-a-modo-mio-ca","7":"product_cat-capsules-ca","8":"product_tag-capsules-ca","9":"product_tag-delicios","10":"product_tag-la-meva-manera","12":"first","13":"outofstock","14":"shipping-taxable","15":"purchasable","16":"product-type-simple"},"jetpack_sharing_enabled":true,"_links":{"self":[{"href":"https:\/\/www.vendingmartinez.cat\/ca\/wp-json\/wp\/v2\/product\/6917","targetHints":{"allow":["GET"]}}],"collection":[{"href":"https:\/\/www.vendingmartinez.cat\/ca\/wp-json\/wp\/v2\/product"}],"about":[{"href":"https:\/\/www.vendingmartinez.cat\/ca\/wp-json\/wp\/v2\/types\/product"}],"replies":[{"embeddable":true,"href":"https:\/\/www.vendingmartinez.cat\/ca\/wp-json\/wp\/v2\/comments?post=6917"}],"version-history":[{"count":0,"href":"https:\/\/www.vendingmartinez.cat\/ca\/wp-json\/wp\/v2\/product\/6917\/revisions"}],"wp:featuredmedia":[{"embeddable":true,"href":"https:\/\/www.vendingmartinez.cat\/ca\/wp-json\/wp\/v2\/media\/6889"}],"wp:attachment":[{"href":"https:\/\/www.vendingmartinez.cat\/ca\/wp-json\/wp\/v2\/media?parent=6917"}],"wp:term":[{"taxonomy":"product_brand","embeddable":true,"href":"https:\/\/www.vendingmartinez.cat\/ca\/wp-json\/wp\/v2\/product_brand?post=6917"},{"taxonomy":"product_cat","embeddable":true,"href":"https:\/\/www.vendingmartinez.cat\/ca\/wp-json\/wp\/v2\/product_cat?post=6917"},{"taxonomy":"product_tag","embeddable":true,"href":"https:\/\/www.vendingmartinez.cat\/ca\/wp-json\/wp\/v2\/product_tag?post=6917"}],"curies":[{"name":"wp","href":"https:\/\/api.w.org\/{rel}","templated":true}]}}