{"id":6920,"date":"2020-10-27T11:19:56","date_gmt":"2020-10-27T11:19:56","guid":{"rendered":"https:\/\/www.vendingmartinez.cat\/producto\/lavazza-espresso-deciso-compatible-nespresso10-u\/"},"modified":"2020-10-27T11:19:56","modified_gmt":"2020-10-27T11:19:56","slug":"lavazza-espresso-decis-compatibile-nespresso-10-u","status":"publish","type":"product","link":"https:\/\/www.vendingmartinez.cat\/ca\/producte\/lavazza-espresso-decis-compatibile-nespresso-10-u\/","title":{"rendered":"Lavazza Espresso Deciso (Compatible Nespresso)<br>(10 u.)"},"content":{"rendered":"<p>Caf\u00e8 amb sabor intens i vellutat, amb notes orientals de cacau i fusta. C\u00e0psules compatibles amb m\u00e0quines Nespresso\u00ae per a \u00fas dom\u00e8stic.<\/p>\n","protected":false},"excerpt":{"rendered":"<p>Caf\u00e8 amb sabor intens i vellutat, amb notes orientals de cacau i fusta. C\u00e0psules compatibles amb m\u00e0quines Nespresso\u00ae per a \u00fas dom\u00e8stic.<\/p>\n","protected":false},"featured_media":6660,"comment_status":"closed","ping_status":"closed","template":"","meta":[],"product_brand":[],"product_cat":[222,241],"product_tag":[],"class_list":{"0":"post-6920","1":"product","2":"type-product","3":"status-publish","4":"has-post-thumbnail","6":"product_cat-capsules-ca","7":"product_cat-compatible-nespresso-lavazza-ca","9":"first","10":"instock","11":"purchasable","12":"product-type-simple"},"jetpack_sharing_enabled":true,"_links":{"self":[{"href":"https:\/\/www.vendingmartinez.cat\/ca\/wp-json\/wp\/v2\/product\/6920","targetHints":{"allow":["GET"]}}],"collection":[{"href":"https:\/\/www.vendingmartinez.cat\/ca\/wp-json\/wp\/v2\/product"}],"about":[{"href":"https:\/\/www.vendingmartinez.cat\/ca\/wp-json\/wp\/v2\/types\/product"}],"replies":[{"embeddable":true,"href":"https:\/\/www.vendingmartinez.cat\/ca\/wp-json\/wp\/v2\/comments?post=6920"}],"version-history":[{"count":0,"href":"https:\/\/www.vendingmartinez.cat\/ca\/wp-json\/wp\/v2\/product\/6920\/revisions"}],"wp:featuredmedia":[{"embeddable":true,"href":"https:\/\/www.vendingmartinez.cat\/ca\/wp-json\/wp\/v2\/media\/6660"}],"wp:attachment":[{"href":"https:\/\/www.vendingmartinez.cat\/ca\/wp-json\/wp\/v2\/media?parent=6920"}],"wp:term":[{"taxonomy":"product_brand","embeddable":true,"href":"https:\/\/www.vendingmartinez.cat\/ca\/wp-json\/wp\/v2\/product_brand?post=6920"},{"taxonomy":"product_cat","embeddable":true,"href":"https:\/\/www.vendingmartinez.cat\/ca\/wp-json\/wp\/v2\/product_cat?post=6920"},{"taxonomy":"product_tag","embeddable":true,"href":"https:\/\/www.vendingmartinez.cat\/ca\/wp-json\/wp\/v2\/product_tag?post=6920"}],"curies":[{"name":"wp","href":"https:\/\/api.w.org\/{rel}","templated":true}]}}