{"id":6922,"date":"2020-10-27T11:22:56","date_gmt":"2020-10-27T11:22:56","guid":{"rendered":"https:\/\/www.vendingmartinez.cat\/producto\/lavazza-long-light-compatible-nespresso10-u\/"},"modified":"2020-10-27T11:22:56","modified_gmt":"2020-10-27T11:22:56","slug":"lavazza-lung-leggero-compatible-nespresso10-u","status":"publish","type":"product","link":"https:\/\/www.vendingmartinez.cat\/ca\/producte\/lavazza-lung-leggero-compatible-nespresso10-u\/","title":{"rendered":"Lavazza Long Light (compatible Nespresso)<br>(10 u.)"},"content":{"rendered":"<p>La dol\u00e7or dels grans de caf\u00e8 Ar\u00e0bica del Brasil i les delicades notes arom\u00e0tiques dels caf\u00e8s Ar\u00e0biga Africans es combinen per formar un prestigi\u00f3s blend amb un sabor delicat i arom\u00e0tic i extraordin\u00e0ries notes fruitals i florals.<br \/>\nC\u00e0psules compatibles amb m\u00e0quines Nespresso\u00ae per a \u00fas dom\u00e8stic.<\/p>\n","protected":false},"excerpt":{"rendered":"<p>La dol\u00e7or dels grans de caf\u00e8 Ar\u00e0bica del Brasil i les delicades notes arom\u00e0tiques dels caf\u00e8s Ar\u00e0biga Africans es combinen per formar un prestigi\u00f3s blend amb un sabor delicat i arom\u00e0tic i extraordin\u00e0ries notes fruitals i florals.<\/p>\n","protected":false},"featured_media":6662,"comment_status":"closed","ping_status":"closed","template":"","meta":[],"product_brand":[],"product_cat":[222,241],"product_tag":[],"class_list":{"0":"post-6922","1":"product","2":"type-product","3":"status-publish","4":"has-post-thumbnail","6":"product_cat-capsules-ca","7":"product_cat-compatible-nespresso-lavazza-ca","9":"first","10":"outofstock","11":"purchasable","12":"product-type-simple"},"jetpack_sharing_enabled":true,"_links":{"self":[{"href":"https:\/\/www.vendingmartinez.cat\/ca\/wp-json\/wp\/v2\/product\/6922","targetHints":{"allow":["GET"]}}],"collection":[{"href":"https:\/\/www.vendingmartinez.cat\/ca\/wp-json\/wp\/v2\/product"}],"about":[{"href":"https:\/\/www.vendingmartinez.cat\/ca\/wp-json\/wp\/v2\/types\/product"}],"replies":[{"embeddable":true,"href":"https:\/\/www.vendingmartinez.cat\/ca\/wp-json\/wp\/v2\/comments?post=6922"}],"version-history":[{"count":0,"href":"https:\/\/www.vendingmartinez.cat\/ca\/wp-json\/wp\/v2\/product\/6922\/revisions"}],"wp:featuredmedia":[{"embeddable":true,"href":"https:\/\/www.vendingmartinez.cat\/ca\/wp-json\/wp\/v2\/media\/6662"}],"wp:attachment":[{"href":"https:\/\/www.vendingmartinez.cat\/ca\/wp-json\/wp\/v2\/media?parent=6922"}],"wp:term":[{"taxonomy":"product_brand","embeddable":true,"href":"https:\/\/www.vendingmartinez.cat\/ca\/wp-json\/wp\/v2\/product_brand?post=6922"},{"taxonomy":"product_cat","embeddable":true,"href":"https:\/\/www.vendingmartinez.cat\/ca\/wp-json\/wp\/v2\/product_cat?post=6922"},{"taxonomy":"product_tag","embeddable":true,"href":"https:\/\/www.vendingmartinez.cat\/ca\/wp-json\/wp\/v2\/product_tag?post=6922"}],"curies":[{"name":"wp","href":"https:\/\/api.w.org\/{rel}","templated":true}]}}