{"id":6929,"date":"2020-10-27T11:46:56","date_gmt":"2020-10-27T11:46:56","guid":{"rendered":"https:\/\/www.vendingmartinez.cat\/producto\/tupinamba-cafe-liofilitzat-descafeinat-250-gr\/"},"modified":"2020-10-27T11:46:56","modified_gmt":"2020-10-27T11:46:56","slug":"cafe-liofilitzat-descafeinat-tupinamba-250-gr","status":"publish","type":"product","link":"https:\/\/www.vendingmartinez.cat\/ca\/producte\/cafe-liofilitzat-descafeinat-tupinamba-250-gr\/","title":{"rendered":"Tupinamba caf\u00e8 liofilitzat descafe\u00efnat 250 gr."},"content":{"rendered":"<p>Caf\u00e8 descafe\u00efnat Soluble Tupinamba. e\u00efnat 250 gr.<br \/>\nCantidad: 250Gr.<\/p>\n","protected":false},"excerpt":{"rendered":"<p>Caf\u00e8 descafe\u00efnat soluble Tupinamba.<br \/>\nQuantitat: 250Gr.<\/p>\n","protected":false},"featured_media":6671,"comment_status":"closed","ping_status":"closed","template":"","meta":[],"product_brand":[],"product_cat":[234,238],"product_tag":[],"class_list":{"0":"post-6929","1":"product","2":"type-product","3":"status-publish","4":"has-post-thumbnail","6":"product_cat-cafe-en-gra-ca","7":"product_cat-tupinamba-ca","9":"first","10":"instock","11":"purchasable","12":"product-type-simple"},"jetpack_sharing_enabled":true,"_links":{"self":[{"href":"https:\/\/www.vendingmartinez.cat\/ca\/wp-json\/wp\/v2\/product\/6929","targetHints":{"allow":["GET"]}}],"collection":[{"href":"https:\/\/www.vendingmartinez.cat\/ca\/wp-json\/wp\/v2\/product"}],"about":[{"href":"https:\/\/www.vendingmartinez.cat\/ca\/wp-json\/wp\/v2\/types\/product"}],"replies":[{"embeddable":true,"href":"https:\/\/www.vendingmartinez.cat\/ca\/wp-json\/wp\/v2\/comments?post=6929"}],"version-history":[{"count":0,"href":"https:\/\/www.vendingmartinez.cat\/ca\/wp-json\/wp\/v2\/product\/6929\/revisions"}],"wp:featuredmedia":[{"embeddable":true,"href":"https:\/\/www.vendingmartinez.cat\/ca\/wp-json\/wp\/v2\/media\/6671"}],"wp:attachment":[{"href":"https:\/\/www.vendingmartinez.cat\/ca\/wp-json\/wp\/v2\/media?parent=6929"}],"wp:term":[{"taxonomy":"product_brand","embeddable":true,"href":"https:\/\/www.vendingmartinez.cat\/ca\/wp-json\/wp\/v2\/product_brand?post=6929"},{"taxonomy":"product_cat","embeddable":true,"href":"https:\/\/www.vendingmartinez.cat\/ca\/wp-json\/wp\/v2\/product_cat?post=6929"},{"taxonomy":"product_tag","embeddable":true,"href":"https:\/\/www.vendingmartinez.cat\/ca\/wp-json\/wp\/v2\/product_tag?post=6929"}],"curies":[{"name":"wp","href":"https:\/\/api.w.org\/{rel}","templated":true}]}}