{"id":6936,"date":"2020-10-27T11:33:56","date_gmt":"2020-10-27T11:33:56","guid":{"rendered":"https:\/\/www.vendingmartinez.cat\/producto\/cafetera-lavazza-blue-lb-300-classy-mini\/"},"modified":"2020-10-27T11:33:56","modified_gmt":"2020-10-27T11:33:56","slug":"cafetera-lavazza-blue-lb-300-classy-mini-2","status":"publish","type":"product","link":"https:\/\/www.vendingmartinez.cat\/ca\/producte\/cafetera-lavazza-blue-lb-300-classy-mini-2\/","title":{"rendered":"Cafetera Lavazza Blue LB 300 Classy Mini"},"content":{"rendered":"<p>La cafetera LB 300 Classy Mini \u00e9s la m\u00e9s petita del sistema Blue. Ideal per a hotels, particulars i empreses. Sistema Lavazza Blue.<\/p>\n<p>Caracter\u00edstiques de l&#8217;equip:<\/p>\n<p>\u2013 Font d&#8217;alimentaci\u00f3: 220<br \/>\n\u2013 240V; 50\/60Hz<br \/>\n\u2013 Pot\u00e8ncia nominal: 1250W.<br \/>\n\u2013 Pot\u00e8ncia pressi\u00f3: 18 bars.<br \/>\nCapacitat del tanc daigua: 700 cc.<br \/>\n\u2013 Mides (alt x ample x llarg): 26 cm x 13,5 cm x 34 cm.<br \/>\n\u2013 Pes: 3,5 kg.<br \/>\n\u2013 Funciona exclusivamente con las c\u00e1psulas LavazzaBLUE.<br \/>\n\u2013 Inserci\u00f3 manual de la c\u00e0psula.<br \/>\n\u2013 Expulsi\u00f3 autom\u00e0tica de la c\u00e0psula utilitzada.<br \/>\n\u2013 Dos botons amb Led: un predosificat per a espresso (30 ml) i un altre per a parada lliure.<br \/>\n\u2013 Programaci\u00f3 de dosificaci\u00f3 del caf\u00e8 curt.<br \/>\n\u2013 Portagots ajustable en al\u00e7ada.<br \/>\n\u2013 Capacitat del calaix per a 5 c\u00e0psules usades.<br \/>\n\u2013 Safata de degoteig.<br \/>\n\u2013 Funci\u00f3 destalvi denergia.<br \/>\n\u2013 El seu funcionament correcte nom\u00e9s \u00e9s compatible amb c\u00e0psules Lavazza.<\/p>\n","protected":false},"excerpt":{"rendered":"<p>La cafetera LB 300 Classy Mini es la m\u00e1s peque\u00f1a del sistema Blue. Ideal para hoteles, particulares y empresas. Sistema Lavazza Blue.<\/p>\n","protected":false},"featured_media":6666,"comment_status":"closed","ping_status":"closed","template":"","meta":[],"product_brand":[],"product_cat":[228,231],"product_tag":[],"class_list":{"0":"post-6936","1":"product","2":"type-product","3":"status-publish","4":"has-post-thumbnail","6":"product_cat-cafeteres-ca","7":"product_cat-lavazza-blue-ca","9":"first","10":"instock","11":"purchasable","12":"product-type-simple"},"jetpack_sharing_enabled":true,"_links":{"self":[{"href":"https:\/\/www.vendingmartinez.cat\/ca\/wp-json\/wp\/v2\/product\/6936","targetHints":{"allow":["GET"]}}],"collection":[{"href":"https:\/\/www.vendingmartinez.cat\/ca\/wp-json\/wp\/v2\/product"}],"about":[{"href":"https:\/\/www.vendingmartinez.cat\/ca\/wp-json\/wp\/v2\/types\/product"}],"replies":[{"embeddable":true,"href":"https:\/\/www.vendingmartinez.cat\/ca\/wp-json\/wp\/v2\/comments?post=6936"}],"version-history":[{"count":0,"href":"https:\/\/www.vendingmartinez.cat\/ca\/wp-json\/wp\/v2\/product\/6936\/revisions"}],"wp:featuredmedia":[{"embeddable":true,"href":"https:\/\/www.vendingmartinez.cat\/ca\/wp-json\/wp\/v2\/media\/6666"}],"wp:attachment":[{"href":"https:\/\/www.vendingmartinez.cat\/ca\/wp-json\/wp\/v2\/media?parent=6936"}],"wp:term":[{"taxonomy":"product_brand","embeddable":true,"href":"https:\/\/www.vendingmartinez.cat\/ca\/wp-json\/wp\/v2\/product_brand?post=6936"},{"taxonomy":"product_cat","embeddable":true,"href":"https:\/\/www.vendingmartinez.cat\/ca\/wp-json\/wp\/v2\/product_cat?post=6936"},{"taxonomy":"product_tag","embeddable":true,"href":"https:\/\/www.vendingmartinez.cat\/ca\/wp-json\/wp\/v2\/product_tag?post=6936"}],"curies":[{"name":"wp","href":"https:\/\/api.w.org\/{rel}","templated":true}]}}