{"id":6937,"date":"2020-10-27T11:32:01","date_gmt":"2020-10-27T11:32:01","guid":{"rendered":"https:\/\/www.vendingmartinez.cat\/producto\/cafetera-lavazza-espresso-point-ep-mini-blanca\/"},"modified":"2022-05-31T08:55:34","modified_gmt":"2022-05-31T08:55:34","slug":"cafetera-lavazza-espresso-point-ep-mini-blanca-2","status":"publish","type":"product","link":"https:\/\/www.vendingmartinez.cat\/ca\/producte\/cafetera-lavazza-espresso-point-ep-mini-blanca-2\/","title":{"rendered":"Cafetera Lavazza Espresso Point EP MINI Blanca"},"content":{"rendered":"<p>M\u00e0quina compacta ideal per a espai redu\u00eft amb l\u00ednies arrodonides. Una genial i petita soluci\u00f3 per a un de caf\u00e8 perfecte.<\/p>\n<p><strong>Caracter\u00edstiques t\u00e8cniques:<\/strong><\/p>\n<p>Utilitzeu nom\u00e9s c\u00e0psules EspressoPoint.<br \/>\n&#8211; Bot\u00f3 dinici i bot\u00f3 de parada dispensador dosi de caf\u00e8 lliure.<br \/>\n&#8211; Reixeta de taxa ajustable en al\u00e7ada per a la inserci\u00f3 de tassa gran.<br \/>\n&#8211; Expulsi\u00f3 autom\u00e0tica de c\u00e0psules usades al calaix.<br \/>\n&#8211; Calaix col\u00b7lector fins a un m\u00e0xim de 10 c\u00e0psules usades.<br \/>\n\u2013 Gesti\u00f3 per controlar la temperatura i la gesti\u00f3 de la bomba.<br \/>\n&#8211; Funci\u00f3 destalvi denergia -Font dalimentaci\u00f3: 220-240 V; 50\/60 Hz<br \/>\n&#8211; Pot\u00e8ncia: 1200 W<br \/>\n&#8211; Pressi\u00f3: 18 bars.<br \/>\n&#8211; Dimensions: ample: 15 cm, al\u00e7ada: 26,5 cm, llarg: 33,8 cm<br \/>\n&#8211; Pes: 4 Kg<br \/>\n&#8211; Material: ABS<br \/>\n&#8211; Capacitat del dip\u00f2sit d&#8217;aigua: 750cc.<\/p>\n","protected":false},"excerpt":{"rendered":"<p>M\u00e0quina compacta ideal per a espai redu\u00eft amb l\u00ednies arrodonides. Una genial i petita soluci\u00f3 per a un de caf\u00e8 perfecte.<\/p>\n","protected":false},"featured_media":6665,"comment_status":"closed","ping_status":"closed","template":"","meta":[],"product_brand":[],"product_cat":[228,232],"product_tag":[],"class_list":{"0":"post-6937","1":"product","2":"type-product","3":"status-publish","4":"has-post-thumbnail","6":"product_cat-cafeteres-ca","7":"product_cat-lavazza-espresso-point-cafet-ca","9":"first","10":"outofstock","11":"purchasable","12":"product-type-simple"},"jetpack_sharing_enabled":true,"_links":{"self":[{"href":"https:\/\/www.vendingmartinez.cat\/ca\/wp-json\/wp\/v2\/product\/6937","targetHints":{"allow":["GET"]}}],"collection":[{"href":"https:\/\/www.vendingmartinez.cat\/ca\/wp-json\/wp\/v2\/product"}],"about":[{"href":"https:\/\/www.vendingmartinez.cat\/ca\/wp-json\/wp\/v2\/types\/product"}],"replies":[{"embeddable":true,"href":"https:\/\/www.vendingmartinez.cat\/ca\/wp-json\/wp\/v2\/comments?post=6937"}],"version-history":[{"count":0,"href":"https:\/\/www.vendingmartinez.cat\/ca\/wp-json\/wp\/v2\/product\/6937\/revisions"}],"wp:featuredmedia":[{"embeddable":true,"href":"https:\/\/www.vendingmartinez.cat\/ca\/wp-json\/wp\/v2\/media\/6665"}],"wp:attachment":[{"href":"https:\/\/www.vendingmartinez.cat\/ca\/wp-json\/wp\/v2\/media?parent=6937"}],"wp:term":[{"taxonomy":"product_brand","embeddable":true,"href":"https:\/\/www.vendingmartinez.cat\/ca\/wp-json\/wp\/v2\/product_brand?post=6937"},{"taxonomy":"product_cat","embeddable":true,"href":"https:\/\/www.vendingmartinez.cat\/ca\/wp-json\/wp\/v2\/product_cat?post=6937"},{"taxonomy":"product_tag","embeddable":true,"href":"https:\/\/www.vendingmartinez.cat\/ca\/wp-json\/wp\/v2\/product_tag?post=6937"}],"curies":[{"name":"wp","href":"https:\/\/api.w.org\/{rel}","templated":true}]}}