{"id":6938,"date":"2020-10-27T11:57:56","date_gmt":"2020-10-27T11:57:56","guid":{"rendered":"https:\/\/www.vendingmartinez.cat\/producto\/cafe-blat-lavazza-aroma-top-1kg\/"},"modified":"2020-10-27T11:57:56","modified_gmt":"2020-10-27T11:57:56","slug":"cafe-gra-lavazza-aroma-top-1kg","status":"publish","type":"product","link":"https:\/\/www.vendingmartinez.cat\/ca\/producte\/cafe-gra-lavazza-aroma-top-1kg\/","title":{"rendered":"Caf\u00e9 blat Lavazza Aroma Top (1kg)"},"content":{"rendered":"<p>Caf\u00e8 de qualitat sostenible elaborat amb les millors Ar\u00e0bica del Brasil per crear un espresso dol\u00e7 i arom\u00e0tic, amb notes a cereals i fruits secs.<\/p>\n<p>\u2022 Composici\u00f3: 100% Ar\u00e0bica<br \/>\n\u2022 Or\u00edgens: Brasil.<br \/>\n\u2022 Ideal per: Espresso o per combinar amb llet.<br \/>\n\u2022 Intensitat: 6\/10<br \/>\n\u2022 Quantitat: 1kg<\/p>\n","protected":false},"excerpt":{"rendered":"<p>Caf\u00e8 de qualitat sostenible elaborat amb les millors Ar\u00e0bica del Brasil per crear un espresso dol\u00e7 i arom\u00e0tic, amb notes a cereals i fruits secs.<\/p>\n","protected":false},"featured_media":6672,"comment_status":"closed","ping_status":"closed","template":"","meta":[],"product_brand":[],"product_cat":[234,236],"product_tag":[],"class_list":{"0":"post-6938","1":"product","2":"type-product","3":"status-publish","4":"has-post-thumbnail","6":"product_cat-cafe-en-gra-ca","7":"product_cat-lavazza-ca","9":"first","10":"instock","11":"purchasable","12":"product-type-simple"},"jetpack_sharing_enabled":true,"_links":{"self":[{"href":"https:\/\/www.vendingmartinez.cat\/ca\/wp-json\/wp\/v2\/product\/6938","targetHints":{"allow":["GET"]}}],"collection":[{"href":"https:\/\/www.vendingmartinez.cat\/ca\/wp-json\/wp\/v2\/product"}],"about":[{"href":"https:\/\/www.vendingmartinez.cat\/ca\/wp-json\/wp\/v2\/types\/product"}],"replies":[{"embeddable":true,"href":"https:\/\/www.vendingmartinez.cat\/ca\/wp-json\/wp\/v2\/comments?post=6938"}],"version-history":[{"count":0,"href":"https:\/\/www.vendingmartinez.cat\/ca\/wp-json\/wp\/v2\/product\/6938\/revisions"}],"wp:featuredmedia":[{"embeddable":true,"href":"https:\/\/www.vendingmartinez.cat\/ca\/wp-json\/wp\/v2\/media\/6672"}],"wp:attachment":[{"href":"https:\/\/www.vendingmartinez.cat\/ca\/wp-json\/wp\/v2\/media?parent=6938"}],"wp:term":[{"taxonomy":"product_brand","embeddable":true,"href":"https:\/\/www.vendingmartinez.cat\/ca\/wp-json\/wp\/v2\/product_brand?post=6938"},{"taxonomy":"product_cat","embeddable":true,"href":"https:\/\/www.vendingmartinez.cat\/ca\/wp-json\/wp\/v2\/product_cat?post=6938"},{"taxonomy":"product_tag","embeddable":true,"href":"https:\/\/www.vendingmartinez.cat\/ca\/wp-json\/wp\/v2\/product_tag?post=6938"}],"curies":[{"name":"wp","href":"https:\/\/api.w.org\/{rel}","templated":true}]}}