{"id":6942,"date":"2020-10-27T12:25:10","date_gmt":"2020-10-27T12:25:10","guid":{"rendered":"https:\/\/www.vendingmartinez.cat\/producto\/got-cartro-lavazza-120cc-50u\/"},"modified":"2020-10-27T12:25:10","modified_gmt":"2020-10-27T12:25:10","slug":"pot-cartro-lavazza-120cc-50u","status":"publish","type":"product","link":"https:\/\/www.vendingmartinez.cat\/ca\/producte\/pot-cartro-lavazza-120cc-50u\/","title":{"rendered":"Got cartr\u00f3 Lavazza 120cc. (50u)"},"content":{"rendered":"<p>Got de cartr\u00f3 Lavazza 120cc Take-Away. Ideal tallar o caf\u00e8 sol. Impressi\u00f3 amb Blau mar\u00ed i blanc.<br \/>\nTiras de 50 unitats.<br \/>\nCaixes de 20 tires: 1000 unitats.<\/p>\n","protected":false},"excerpt":{"rendered":"<p>Got de cartr\u00f3 Lavazza 120cc Take-Away. Ideal tallar el caf\u00e8 m\u00f2lt. Impressi\u00f3 amb Blau mar\u00ed i blanc.<\/p>\n","protected":false},"featured_media":6676,"comment_status":"closed","ping_status":"closed","template":"","meta":[],"product_brand":[],"product_cat":[227],"product_tag":[],"class_list":{"0":"post-6942","1":"product","2":"type-product","3":"status-publish","4":"has-post-thumbnail","6":"product_cat-accessoris-ca","8":"first","9":"instock","10":"purchasable","11":"product-type-simple"},"jetpack_sharing_enabled":true,"_links":{"self":[{"href":"https:\/\/www.vendingmartinez.cat\/ca\/wp-json\/wp\/v2\/product\/6942","targetHints":{"allow":["GET"]}}],"collection":[{"href":"https:\/\/www.vendingmartinez.cat\/ca\/wp-json\/wp\/v2\/product"}],"about":[{"href":"https:\/\/www.vendingmartinez.cat\/ca\/wp-json\/wp\/v2\/types\/product"}],"replies":[{"embeddable":true,"href":"https:\/\/www.vendingmartinez.cat\/ca\/wp-json\/wp\/v2\/comments?post=6942"}],"version-history":[{"count":0,"href":"https:\/\/www.vendingmartinez.cat\/ca\/wp-json\/wp\/v2\/product\/6942\/revisions"}],"wp:featuredmedia":[{"embeddable":true,"href":"https:\/\/www.vendingmartinez.cat\/ca\/wp-json\/wp\/v2\/media\/6676"}],"wp:attachment":[{"href":"https:\/\/www.vendingmartinez.cat\/ca\/wp-json\/wp\/v2\/media?parent=6942"}],"wp:term":[{"taxonomy":"product_brand","embeddable":true,"href":"https:\/\/www.vendingmartinez.cat\/ca\/wp-json\/wp\/v2\/product_brand?post=6942"},{"taxonomy":"product_cat","embeddable":true,"href":"https:\/\/www.vendingmartinez.cat\/ca\/wp-json\/wp\/v2\/product_cat?post=6942"},{"taxonomy":"product_tag","embeddable":true,"href":"https:\/\/www.vendingmartinez.cat\/ca\/wp-json\/wp\/v2\/product_tag?post=6942"}],"curies":[{"name":"wp","href":"https:\/\/api.w.org\/{rel}","templated":true}]}}