{"id":6943,"date":"2020-10-27T12:35:10","date_gmt":"2020-10-27T12:35:10","guid":{"rendered":"https:\/\/www.vendingmartinez.cat\/producto\/got-cartro-eco-multicolor-65-oz-165cc-75-un\/"},"modified":"2020-10-27T12:35:10","modified_gmt":"2020-10-27T12:35:10","slug":"got-cartro-eco-multicolor-65oz-165cc-75-un","status":"publish","type":"product","link":"https:\/\/www.vendingmartinez.cat\/ca\/producte\/got-cartro-eco-multicolor-65oz-165cc-75-un\/","title":{"rendered":"Got cartr\u00f3 ECO Multicolor 6,5 oz 165cc (75 un.)"},"content":{"rendered":"<p>Got de cartr\u00f3 ECO, de diferents colors i dissenys en un \u00fanic paquet.<br \/>\n&#8211; Tires de 75u.<br \/>\n&#8211; Format: colors<\/p>\n","protected":false},"excerpt":{"rendered":"<p>Got de cartr\u00f3 ECO, de diferents colors i dissenys en un \u00fanic paquet.<\/p>\n","protected":false},"featured_media":6677,"comment_status":"closed","ping_status":"closed","template":"","meta":[],"product_brand":[],"product_cat":[227],"product_tag":[],"class_list":{"0":"post-6943","1":"product","2":"type-product","3":"status-publish","4":"has-post-thumbnail","6":"product_cat-accessoris-ca","8":"first","9":"instock","10":"purchasable","11":"product-type-simple"},"jetpack_sharing_enabled":true,"_links":{"self":[{"href":"https:\/\/www.vendingmartinez.cat\/ca\/wp-json\/wp\/v2\/product\/6943","targetHints":{"allow":["GET"]}}],"collection":[{"href":"https:\/\/www.vendingmartinez.cat\/ca\/wp-json\/wp\/v2\/product"}],"about":[{"href":"https:\/\/www.vendingmartinez.cat\/ca\/wp-json\/wp\/v2\/types\/product"}],"replies":[{"embeddable":true,"href":"https:\/\/www.vendingmartinez.cat\/ca\/wp-json\/wp\/v2\/comments?post=6943"}],"version-history":[{"count":0,"href":"https:\/\/www.vendingmartinez.cat\/ca\/wp-json\/wp\/v2\/product\/6943\/revisions"}],"wp:featuredmedia":[{"embeddable":true,"href":"https:\/\/www.vendingmartinez.cat\/ca\/wp-json\/wp\/v2\/media\/6677"}],"wp:attachment":[{"href":"https:\/\/www.vendingmartinez.cat\/ca\/wp-json\/wp\/v2\/media?parent=6943"}],"wp:term":[{"taxonomy":"product_brand","embeddable":true,"href":"https:\/\/www.vendingmartinez.cat\/ca\/wp-json\/wp\/v2\/product_brand?post=6943"},{"taxonomy":"product_cat","embeddable":true,"href":"https:\/\/www.vendingmartinez.cat\/ca\/wp-json\/wp\/v2\/product_cat?post=6943"},{"taxonomy":"product_tag","embeddable":true,"href":"https:\/\/www.vendingmartinez.cat\/ca\/wp-json\/wp\/v2\/product_tag?post=6943"}],"curies":[{"name":"wp","href":"https:\/\/api.w.org\/{rel}","templated":true}]}}