{"id":6987,"date":"2020-12-30T10:17:38","date_gmt":"2020-12-30T10:17:38","guid":{"rendered":"https:\/\/www.vendingmartinez.cat\/producto\/cafe-lavazza-rossa-en-gra\/"},"modified":"2020-12-30T10:17:38","modified_gmt":"2020-12-30T10:17:38","slug":"cafe-fiore-lavazza-rossa","status":"publish","type":"product","link":"https:\/\/www.vendingmartinez.cat\/ca\/producte\/cafe-fiore-lavazza-rossa\/","title":{"rendered":"Caf\u00e8 Lavazza Rossa en gra"},"content":{"rendered":"<p>El caf\u00e8 de Lavazza Qualit\u00e0 Rubia cont\u00e9 una barreja de gra de caf\u00e8 Ar\u00e0biga i Robusta que es complementen perfectament. Els millors Ar\u00e0biques li atorguen el sabor i els millors Robustes al cos. Els grans d&#8217;aquesta barreja provenen de Sud-am\u00e8rica, \u00c0frica i \u00c0sia i se sotmeten al torrat estil itali\u00e0 cl\u00e0ssic. T\u00e9 un sabor exquisit i equilibrat. \u00c9s un caf\u00e8 en\u00e8rgic i amb una gruixuda capa de crema<br \/>\n\u2022 Caf\u00e8 de torraci\u00f3 natural<br \/>\n\u2022 Intensitat 5\/10<br \/>\n\u2022 Quantitat: 1Kg<\/p>\n","protected":false},"excerpt":{"rendered":"<p>El caf\u00e8 de Lavazza Qualit\u00e0 Rubia cont\u00e9 una barreja de gra de caf\u00e8 Ar\u00e0biga i Robusta que es complementen perfectament. Els millors Ar\u00e0biques li atorguen el sabor i els millors Robustes al cos.<br \/>\nQuantitat: 1Kg<\/p>\n","protected":false},"featured_media":6690,"comment_status":"closed","ping_status":"closed","template":"","meta":[],"product_brand":[],"product_cat":[234,236],"product_tag":[],"class_list":{"0":"post-6987","1":"product","2":"type-product","3":"status-publish","4":"has-post-thumbnail","6":"product_cat-cafe-en-gra-ca","7":"product_cat-lavazza-ca","9":"first","10":"instock","11":"purchasable","12":"product-type-simple"},"jetpack_sharing_enabled":true,"_links":{"self":[{"href":"https:\/\/www.vendingmartinez.cat\/ca\/wp-json\/wp\/v2\/product\/6987","targetHints":{"allow":["GET"]}}],"collection":[{"href":"https:\/\/www.vendingmartinez.cat\/ca\/wp-json\/wp\/v2\/product"}],"about":[{"href":"https:\/\/www.vendingmartinez.cat\/ca\/wp-json\/wp\/v2\/types\/product"}],"replies":[{"embeddable":true,"href":"https:\/\/www.vendingmartinez.cat\/ca\/wp-json\/wp\/v2\/comments?post=6987"}],"version-history":[{"count":0,"href":"https:\/\/www.vendingmartinez.cat\/ca\/wp-json\/wp\/v2\/product\/6987\/revisions"}],"wp:featuredmedia":[{"embeddable":true,"href":"https:\/\/www.vendingmartinez.cat\/ca\/wp-json\/wp\/v2\/media\/6690"}],"wp:attachment":[{"href":"https:\/\/www.vendingmartinez.cat\/ca\/wp-json\/wp\/v2\/media?parent=6987"}],"wp:term":[{"taxonomy":"product_brand","embeddable":true,"href":"https:\/\/www.vendingmartinez.cat\/ca\/wp-json\/wp\/v2\/product_brand?post=6987"},{"taxonomy":"product_cat","embeddable":true,"href":"https:\/\/www.vendingmartinez.cat\/ca\/wp-json\/wp\/v2\/product_cat?post=6987"},{"taxonomy":"product_tag","embeddable":true,"href":"https:\/\/www.vendingmartinez.cat\/ca\/wp-json\/wp\/v2\/product_tag?post=6987"}],"curies":[{"name":"wp","href":"https:\/\/api.w.org\/{rel}","templated":true}]}}