{"id":6988,"date":"2021-01-14T13:07:38","date_gmt":"2021-01-14T13:07:38","guid":{"rendered":"https:\/\/www.vendingmartinez.cat\/producto\/lavazza-vigoroso-espresso-compatible-nespresso-10-u\/"},"modified":"2021-01-14T13:07:38","modified_gmt":"2021-01-14T13:07:38","slug":"espresso-lavazza-vigoros-compatible-nespresso-10-u","status":"publish","type":"product","link":"https:\/\/www.vendingmartinez.cat\/ca\/producte\/espresso-lavazza-vigoros-compatible-nespresso-10-u\/","title":{"rendered":"Lavazza Vigoroso Espresso (Compatible Nespresso) <br> (10 u.)"},"content":{"rendered":"<p>Selecci\u00f3 de grans Brasilers Ar\u00e0biga i Robusta torrats a altes temperatures, neix una barreja de gran car\u00e0cter i for\u00e7a natural per a un caf\u00e8 intens i crem\u00f3s, amb un postgust persistent de caramel.<\/p>\n","protected":false},"excerpt":{"rendered":"<p>Selecci\u00f3 de grans Brasilers Ar\u00e0biga i Robusta torrats a altes temperatures, neix una barreja de gran car\u00e0cter i for\u00e7a natural per a un caf\u00e8 intens i crem\u00f3s, amb un postgust persistent de caramel.<\/p>\n","protected":false},"featured_media":6692,"comment_status":"closed","ping_status":"closed","template":"","meta":[],"product_brand":[],"product_cat":[222,241],"product_tag":[],"class_list":{"0":"post-6988","1":"product","2":"type-product","3":"status-publish","4":"has-post-thumbnail","6":"product_cat-capsules-ca","7":"product_cat-compatible-nespresso-lavazza-ca","9":"first","10":"outofstock","11":"purchasable","12":"product-type-simple"},"jetpack_sharing_enabled":true,"_links":{"self":[{"href":"https:\/\/www.vendingmartinez.cat\/ca\/wp-json\/wp\/v2\/product\/6988","targetHints":{"allow":["GET"]}}],"collection":[{"href":"https:\/\/www.vendingmartinez.cat\/ca\/wp-json\/wp\/v2\/product"}],"about":[{"href":"https:\/\/www.vendingmartinez.cat\/ca\/wp-json\/wp\/v2\/types\/product"}],"replies":[{"embeddable":true,"href":"https:\/\/www.vendingmartinez.cat\/ca\/wp-json\/wp\/v2\/comments?post=6988"}],"version-history":[{"count":0,"href":"https:\/\/www.vendingmartinez.cat\/ca\/wp-json\/wp\/v2\/product\/6988\/revisions"}],"wp:featuredmedia":[{"embeddable":true,"href":"https:\/\/www.vendingmartinez.cat\/ca\/wp-json\/wp\/v2\/media\/6692"}],"wp:attachment":[{"href":"https:\/\/www.vendingmartinez.cat\/ca\/wp-json\/wp\/v2\/media?parent=6988"}],"wp:term":[{"taxonomy":"product_brand","embeddable":true,"href":"https:\/\/www.vendingmartinez.cat\/ca\/wp-json\/wp\/v2\/product_brand?post=6988"},{"taxonomy":"product_cat","embeddable":true,"href":"https:\/\/www.vendingmartinez.cat\/ca\/wp-json\/wp\/v2\/product_cat?post=6988"},{"taxonomy":"product_tag","embeddable":true,"href":"https:\/\/www.vendingmartinez.cat\/ca\/wp-json\/wp\/v2\/product_tag?post=6988"}],"curies":[{"name":"wp","href":"https:\/\/api.w.org\/{rel}","templated":true}]}}