{"id":6989,"date":"2021-01-14T13:14:12","date_gmt":"2021-01-14T13:14:12","guid":{"rendered":"https:\/\/www.vendingmartinez.cat\/producto\/lavazza-wraparound-compatible-nespresso-10-u\/"},"modified":"2022-05-31T09:11:10","modified_gmt":"2022-05-31T09:11:10","slug":"lavazza-enveloping-compatible-nespresso-10-u","status":"publish","type":"product","link":"https:\/\/www.vendingmartinez.cat\/ca\/producte\/lavazza-enveloping-compatible-nespresso-10-u\/","title":{"rendered":"Lavazza Avvolgente  <br>(Compatible Nespresso)<br> (10 u.)"},"content":{"rendered":"<p>Barreja intensa d&#8217;Ar\u00e1bica i Robusta, amb torrat fosc donen un equilibri arom\u00e0tic i sabor vellutat. Amb tocs de cacau i notes esp\u00e8cies.<\/p>\n","protected":false},"excerpt":{"rendered":"<p>Barreja intensa d&#8217;Ar\u00e1bica i Robusta, amb torrat fosc donen un equilibri arom\u00e0tic i sabor vellutato.<\/p>\n","protected":false},"featured_media":6693,"comment_status":"closed","ping_status":"closed","template":"","meta":[],"product_brand":[],"product_cat":[222,241],"product_tag":[],"class_list":{"0":"post-6989","1":"product","2":"type-product","3":"status-publish","4":"has-post-thumbnail","6":"product_cat-capsules-ca","7":"product_cat-compatible-nespresso-lavazza-ca","9":"first","10":"outofstock","11":"purchasable","12":"product-type-simple"},"jetpack_sharing_enabled":true,"_links":{"self":[{"href":"https:\/\/www.vendingmartinez.cat\/ca\/wp-json\/wp\/v2\/product\/6989","targetHints":{"allow":["GET"]}}],"collection":[{"href":"https:\/\/www.vendingmartinez.cat\/ca\/wp-json\/wp\/v2\/product"}],"about":[{"href":"https:\/\/www.vendingmartinez.cat\/ca\/wp-json\/wp\/v2\/types\/product"}],"replies":[{"embeddable":true,"href":"https:\/\/www.vendingmartinez.cat\/ca\/wp-json\/wp\/v2\/comments?post=6989"}],"version-history":[{"count":0,"href":"https:\/\/www.vendingmartinez.cat\/ca\/wp-json\/wp\/v2\/product\/6989\/revisions"}],"wp:featuredmedia":[{"embeddable":true,"href":"https:\/\/www.vendingmartinez.cat\/ca\/wp-json\/wp\/v2\/media\/6693"}],"wp:attachment":[{"href":"https:\/\/www.vendingmartinez.cat\/ca\/wp-json\/wp\/v2\/media?parent=6989"}],"wp:term":[{"taxonomy":"product_brand","embeddable":true,"href":"https:\/\/www.vendingmartinez.cat\/ca\/wp-json\/wp\/v2\/product_brand?post=6989"},{"taxonomy":"product_cat","embeddable":true,"href":"https:\/\/www.vendingmartinez.cat\/ca\/wp-json\/wp\/v2\/product_cat?post=6989"},{"taxonomy":"product_tag","embeddable":true,"href":"https:\/\/www.vendingmartinez.cat\/ca\/wp-json\/wp\/v2\/product_tag?post=6989"}],"curies":[{"name":"wp","href":"https:\/\/api.w.org\/{rel}","templated":true}]}}