{"id":6990,"date":"2021-12-01T09:04:01","date_gmt":"2021-12-01T09:04:01","guid":{"rendered":"https:\/\/www.vendingmartinez.cat\/producto\/blat-cafeteria-lavazza-gold-quality-500-gr\/"},"modified":"2025-08-22T08:31:10","modified_gmt":"2025-08-22T08:31:10","slug":"cafe-gras-lavazza-qualitat-or-500-gr","status":"publish","type":"product","link":"https:\/\/www.vendingmartinez.cat\/ca\/producte\/cafe-gras-lavazza-qualitat-or-500-gr\/","title":{"rendered":"Blat cafeteria Lavazza Gold Quality (500 gr)"},"content":{"rendered":"<p>Caf\u00e8 en gra 100% Ar\u00e0bica de Lavazza. Combinaci\u00f3 intensa i arom\u00e0tica de 6 varietats d&#8217;Ar\u00e0bigues del centre i Am\u00e8rica del Sud, que proporcionen una densa crema daurada.<br \/>\n\u2022 Composici\u00f3: 100% ar\u00e0bica.<br \/>\n\u2022 Or\u00edgens: Am\u00e8rica Central i Am\u00e8rica del Sud.<br \/>\n\u2022 Perfil arom\u00e0tic: Flors, Fruita fresca.<br \/>\n\u2022 Intensidade: 6\/10<br \/>\n\u2022 Cantidad: 500 gr<\/p>\n","protected":false},"excerpt":{"rendered":"<p>Caf\u00e8 en gra 100% Ar\u00e0bica de Lavazza. Combinaci\u00f3 intensa i arom\u00e0tica de 6 varietats d&#8217;Ar\u00e0bica d&#8217;Am\u00e8rica Central i del Sud, que proporcionen una densa crema daurada.<\/p>\n","protected":false},"featured_media":6698,"comment_status":"closed","ping_status":"closed","template":"","meta":[],"product_brand":[],"product_cat":[234,236],"product_tag":[],"class_list":{"0":"post-6990","1":"product","2":"type-product","3":"status-publish","4":"has-post-thumbnail","6":"product_cat-cafe-en-gra-ca","7":"product_cat-lavazza-ca","9":"first","10":"instock","11":"purchasable","12":"product-type-simple"},"jetpack_sharing_enabled":true,"_links":{"self":[{"href":"https:\/\/www.vendingmartinez.cat\/ca\/wp-json\/wp\/v2\/product\/6990","targetHints":{"allow":["GET"]}}],"collection":[{"href":"https:\/\/www.vendingmartinez.cat\/ca\/wp-json\/wp\/v2\/product"}],"about":[{"href":"https:\/\/www.vendingmartinez.cat\/ca\/wp-json\/wp\/v2\/types\/product"}],"replies":[{"embeddable":true,"href":"https:\/\/www.vendingmartinez.cat\/ca\/wp-json\/wp\/v2\/comments?post=6990"}],"version-history":[{"count":1,"href":"https:\/\/www.vendingmartinez.cat\/ca\/wp-json\/wp\/v2\/product\/6990\/revisions"}],"predecessor-version":[{"id":8067,"href":"https:\/\/www.vendingmartinez.cat\/ca\/wp-json\/wp\/v2\/product\/6990\/revisions\/8067"}],"wp:featuredmedia":[{"embeddable":true,"href":"https:\/\/www.vendingmartinez.cat\/ca\/wp-json\/wp\/v2\/media\/6698"}],"wp:attachment":[{"href":"https:\/\/www.vendingmartinez.cat\/ca\/wp-json\/wp\/v2\/media?parent=6990"}],"wp:term":[{"taxonomy":"product_brand","embeddable":true,"href":"https:\/\/www.vendingmartinez.cat\/ca\/wp-json\/wp\/v2\/product_brand?post=6990"},{"taxonomy":"product_cat","embeddable":true,"href":"https:\/\/www.vendingmartinez.cat\/ca\/wp-json\/wp\/v2\/product_cat?post=6990"},{"taxonomy":"product_tag","embeddable":true,"href":"https:\/\/www.vendingmartinez.cat\/ca\/wp-json\/wp\/v2\/product_tag?post=6990"}],"curies":[{"name":"wp","href":"https:\/\/api.w.org\/{rel}","templated":true}]}}