{"id":6991,"date":"2021-12-01T09:22:10","date_gmt":"2021-12-01T09:22:10","guid":{"rendered":"https:\/\/www.vendingmartinez.cat\/producto\/cafe-gra-lavazza-crema-i-aroma-1-kg\/"},"modified":"2021-12-01T09:22:10","modified_gmt":"2021-12-01T09:22:10","slug":"cafe-blat-lavazza-crema-i-aroma-1-kg","status":"publish","type":"product","link":"https:\/\/www.vendingmartinez.cat\/ca\/producte\/cafe-blat-lavazza-crema-i-aroma-1-kg\/","title":{"rendered":"Caf\u00e8 gra Lavazza Crema i Aroma (1 kg)"},"content":{"rendered":"<p>Un blend de caf\u00e8 amb un sabor equilibrat, i aroma de xocolata i esp\u00e8cies. Procedent d&#8217;una barreja harm\u00f2nica de grans d&#8217;Ar\u00e0bica i Robusta. De textura perdurable i una crema densa i consistent. Dol\u00e7 amb lleugera acidesa. Per la crema densa, \u00e9s ideal per a espresso.<br \/>\n\u2022 Composici\u00f3: 70% Ar\u00e0bica, 30% Robusta.<br \/>\n\u2022 Or\u00edgens: Am\u00e8rica Central, \u00c0frica i \u00c0sia.<br \/>\n\u2022 Perfil arom\u00e0tic: Fruits secs, fusta i cacau.<br \/>\n\u2022 Intensitat: 8\/10<br \/>\n\u2022 Quantitat: 1 Kg.<\/p>\n","protected":false},"excerpt":{"rendered":"<p>Un blend de caf\u00e8 amb un sabor equilibrat, i aroma de xocolata i esp\u00e8cies. Procedent d&#8217;una barreja harm\u00f2nica de grans d&#8217;Ar\u00e0bica i Robusta. De textura perdurable i una crema densa i consistent. Dol\u00e7 amb lleugera acidesa.<\/p>\n","protected":false},"featured_media":6699,"comment_status":"closed","ping_status":"closed","template":"","meta":[],"product_brand":[],"product_cat":[234,236],"product_tag":[],"class_list":{"0":"post-6991","1":"product","2":"type-product","3":"status-publish","4":"has-post-thumbnail","6":"product_cat-cafe-en-gra-ca","7":"product_cat-lavazza-ca","9":"first","10":"instock","11":"purchasable","12":"product-type-simple"},"jetpack_sharing_enabled":true,"_links":{"self":[{"href":"https:\/\/www.vendingmartinez.cat\/ca\/wp-json\/wp\/v2\/product\/6991","targetHints":{"allow":["GET"]}}],"collection":[{"href":"https:\/\/www.vendingmartinez.cat\/ca\/wp-json\/wp\/v2\/product"}],"about":[{"href":"https:\/\/www.vendingmartinez.cat\/ca\/wp-json\/wp\/v2\/types\/product"}],"replies":[{"embeddable":true,"href":"https:\/\/www.vendingmartinez.cat\/ca\/wp-json\/wp\/v2\/comments?post=6991"}],"version-history":[{"count":0,"href":"https:\/\/www.vendingmartinez.cat\/ca\/wp-json\/wp\/v2\/product\/6991\/revisions"}],"wp:featuredmedia":[{"embeddable":true,"href":"https:\/\/www.vendingmartinez.cat\/ca\/wp-json\/wp\/v2\/media\/6699"}],"wp:attachment":[{"href":"https:\/\/www.vendingmartinez.cat\/ca\/wp-json\/wp\/v2\/media?parent=6991"}],"wp:term":[{"taxonomy":"product_brand","embeddable":true,"href":"https:\/\/www.vendingmartinez.cat\/ca\/wp-json\/wp\/v2\/product_brand?post=6991"},{"taxonomy":"product_cat","embeddable":true,"href":"https:\/\/www.vendingmartinez.cat\/ca\/wp-json\/wp\/v2\/product_cat?post=6991"},{"taxonomy":"product_tag","embeddable":true,"href":"https:\/\/www.vendingmartinez.cat\/ca\/wp-json\/wp\/v2\/product_tag?post=6991"}],"curies":[{"name":"wp","href":"https:\/\/api.w.org\/{rel}","templated":true}]}}