{"id":6993,"date":"2021-12-01T13:51:10","date_gmt":"2021-12-01T13:51:10","guid":{"rendered":"https:\/\/www.vendingmartinez.cat\/producto\/lavazza-espresso-qualita-or-compatibile-nespresso-allumini-zero-co2-10-u\/"},"modified":"2021-12-01T13:51:10","modified_gmt":"2021-12-01T13:51:10","slug":"lavazza-espresso-qualita-oro-compatible-nespresso-aluminio-cero-co2-10-u-2","status":"publish","type":"product","link":"https:\/\/www.vendingmartinez.cat\/ca\/producte\/lavazza-espresso-qualita-oro-compatible-nespresso-aluminio-cero-co2-10-u-2\/","title":{"rendered":"Lavazza Espresso Qualita Or (Compatibile Nespresso) Allumini Zero CO2<br> (10 u.)"},"content":{"rendered":"<p>Espresso Qualit\u00e0 Or, l&#8217;eleg\u00e0ncia en un blend on els or\u00edgens dels grans d&#8217;Ar\u00e0biga s\u00f3n el resultat d&#8217;un espresso amb notes afruitades i florals.<br \/>\nC\u00e0psules herm\u00e8tiques de caf\u00e8 Lavazza compatibles amb el sistema Nespresso \u00ae*<\/p>\n","protected":false},"excerpt":{"rendered":"<p>Espresso Qualit\u00e0 Or, l&#8217;eleg\u00e0ncia en un blend on els or\u00edgens dels grans d&#8217;Ar\u00e0biga s\u00f3n el resultat d&#8217;un espresso amb notes afruitades i florals.<br \/>\nC\u00e0psules herm\u00e8tiques de caf\u00e8 Lavazza compatibles amb el sistema Nespresso \u00ae*<\/p>\n","protected":false},"featured_media":6701,"comment_status":"closed","ping_status":"closed","template":"","meta":[],"product_brand":[],"product_cat":[222,241],"product_tag":[],"class_list":{"0":"post-6993","1":"product","2":"type-product","3":"status-publish","4":"has-post-thumbnail","6":"product_cat-capsules-ca","7":"product_cat-compatible-nespresso-lavazza-ca","9":"first","10":"instock","11":"purchasable","12":"product-type-simple"},"jetpack_sharing_enabled":true,"_links":{"self":[{"href":"https:\/\/www.vendingmartinez.cat\/ca\/wp-json\/wp\/v2\/product\/6993","targetHints":{"allow":["GET"]}}],"collection":[{"href":"https:\/\/www.vendingmartinez.cat\/ca\/wp-json\/wp\/v2\/product"}],"about":[{"href":"https:\/\/www.vendingmartinez.cat\/ca\/wp-json\/wp\/v2\/types\/product"}],"replies":[{"embeddable":true,"href":"https:\/\/www.vendingmartinez.cat\/ca\/wp-json\/wp\/v2\/comments?post=6993"}],"version-history":[{"count":0,"href":"https:\/\/www.vendingmartinez.cat\/ca\/wp-json\/wp\/v2\/product\/6993\/revisions"}],"wp:featuredmedia":[{"embeddable":true,"href":"https:\/\/www.vendingmartinez.cat\/ca\/wp-json\/wp\/v2\/media\/6701"}],"wp:attachment":[{"href":"https:\/\/www.vendingmartinez.cat\/ca\/wp-json\/wp\/v2\/media?parent=6993"}],"wp:term":[{"taxonomy":"product_brand","embeddable":true,"href":"https:\/\/www.vendingmartinez.cat\/ca\/wp-json\/wp\/v2\/product_brand?post=6993"},{"taxonomy":"product_cat","embeddable":true,"href":"https:\/\/www.vendingmartinez.cat\/ca\/wp-json\/wp\/v2\/product_cat?post=6993"},{"taxonomy":"product_tag","embeddable":true,"href":"https:\/\/www.vendingmartinez.cat\/ca\/wp-json\/wp\/v2\/product_tag?post=6993"}],"curies":[{"name":"wp","href":"https:\/\/api.w.org\/{rel}","templated":true}]}}