{"id":6994,"date":"2021-12-01T14:19:10","date_gmt":"2021-12-01T14:19:10","guid":{"rendered":"https:\/\/www.vendingmartinez.cat\/producto\/lavazza-espresso-tierra-compatible-nespresso-alumini-zero-co2-10-u\/"},"modified":"2023-04-17T08:04:56","modified_gmt":"2023-04-17T08:04:56","slug":"lavazza-espresso-terra-compatible-nespresso-alumini-zero-co2-10-u","status":"publish","type":"product","link":"https:\/\/www.vendingmartinez.cat\/ca\/producte\/lavazza-espresso-terra-compatible-nespresso-alumini-zero-co2-10-u\/","title":{"rendered":"Lavazza Espresso \u00a1Tierra! (Compatible Nespresso) Alumini Zero CO2 (10 u.)"},"content":{"rendered":"<p>Terra for Planet, caf\u00e8 m\u00f2lt 100% Ar\u00e0bic ecol\u00f2gic. Aroma i cos intens amb notes arom\u00e0tiques de fruita i flors.<br \/>\nC\u00e0psules herm\u00e8tiques de caf\u00e8 Lavazza compatibles amb el sistema Nespresso \u00ae*<\/p>\n","protected":false},"excerpt":{"rendered":"<p>Terra for Planet, caf\u00e8 m\u00f2lt 100% Ar\u00e0bic ecol\u00f2gic. Aroma i cos intens amb notes arom\u00e0tiques de fruita i flors.<br \/>\nC\u00e0psules herm\u00e8tiques de caf\u00e8 Lavazza compatibles amb el sistema Nespresso \u00ae*<\/p>\n","protected":false},"featured_media":6702,"comment_status":"closed","ping_status":"closed","template":"","meta":[],"product_brand":[],"product_cat":[222,241],"product_tag":[],"class_list":{"0":"post-6994","1":"product","2":"type-product","3":"status-publish","4":"has-post-thumbnail","6":"product_cat-capsules-ca","7":"product_cat-compatible-nespresso-lavazza-ca","9":"first","10":"outofstock","11":"purchasable","12":"product-type-simple"},"jetpack_sharing_enabled":true,"_links":{"self":[{"href":"https:\/\/www.vendingmartinez.cat\/ca\/wp-json\/wp\/v2\/product\/6994","targetHints":{"allow":["GET"]}}],"collection":[{"href":"https:\/\/www.vendingmartinez.cat\/ca\/wp-json\/wp\/v2\/product"}],"about":[{"href":"https:\/\/www.vendingmartinez.cat\/ca\/wp-json\/wp\/v2\/types\/product"}],"replies":[{"embeddable":true,"href":"https:\/\/www.vendingmartinez.cat\/ca\/wp-json\/wp\/v2\/comments?post=6994"}],"version-history":[{"count":0,"href":"https:\/\/www.vendingmartinez.cat\/ca\/wp-json\/wp\/v2\/product\/6994\/revisions"}],"wp:featuredmedia":[{"embeddable":true,"href":"https:\/\/www.vendingmartinez.cat\/ca\/wp-json\/wp\/v2\/media\/6702"}],"wp:attachment":[{"href":"https:\/\/www.vendingmartinez.cat\/ca\/wp-json\/wp\/v2\/media?parent=6994"}],"wp:term":[{"taxonomy":"product_brand","embeddable":true,"href":"https:\/\/www.vendingmartinez.cat\/ca\/wp-json\/wp\/v2\/product_brand?post=6994"},{"taxonomy":"product_cat","embeddable":true,"href":"https:\/\/www.vendingmartinez.cat\/ca\/wp-json\/wp\/v2\/product_cat?post=6994"},{"taxonomy":"product_tag","embeddable":true,"href":"https:\/\/www.vendingmartinez.cat\/ca\/wp-json\/wp\/v2\/product_tag?post=6994"}],"curies":[{"name":"wp","href":"https:\/\/api.w.org\/{rel}","templated":true}]}}