{"id":6995,"date":"2021-12-01T14:31:10","date_gmt":"2021-12-01T14:31:10","guid":{"rendered":"https:\/\/www.vendingmartinez.cat\/producto\/lavazza-espresso-descafeinat-compatible-nespresso-alumini-zero-co2-10-u\/"},"modified":"2021-12-01T14:31:10","modified_gmt":"2021-12-01T14:31:10","slug":"lavazza-espresso-descafeinat-compatible-nespresso-alumini-zero-co2-10-u","status":"publish","type":"product","link":"https:\/\/www.vendingmartinez.cat\/ca\/producte\/lavazza-espresso-descafeinat-compatible-nespresso-alumini-zero-co2-10-u\/","title":{"rendered":"Lavazza Espresso Descafe\u00efnat (Compatible Nespresso) Alumini Zero CO2<br> (10 u.)"},"content":{"rendered":"<p><span style=\"vertical-align: inherit;\"><span style=\"vertical-align: inherit;\">Descafe\u00efnat lleuger, amb notes predominants de fruits secs i un lleuger retrogust de xocolata, perfectament equilibrat. <\/span><span style=\"vertical-align: inherit;\">Es podria comprar la sensaci\u00f3 de respirar l&#8217;aire mar\u00ed de la platja al setembre. <\/span><span style=\"vertical-align: inherit;\">Aquesta ha estat la inspiraci\u00f3 dels nostres professors. <\/span><\/span><br \/>\n<span style=\"vertical-align: inherit;\"><span style=\"vertical-align: inherit;\">C\u00e0psules de caf\u00e8 lavazza herm\u00e8tiques compatibles amb el sistema Nespresso \u00ae*<\/span><\/span><\/p>\n","protected":false},"excerpt":{"rendered":"<p><span style=\"vertical-align: inherit;\"><span style=\"vertical-align: inherit;\">Descafe\u00efnat lleuger, amb notes predominants de fruits secs i un lleuger retrogust de xocolata, perfectament equilibrat. <\/span><span style=\"vertical-align: inherit;\">Es podria comprar la sensaci\u00f3 de respirar l&#8217;aire mar\u00ed de la platja al setembre. <\/span><span style=\"vertical-align: inherit;\">Aquesta ha estat la inspiraci\u00f3 dels nostres professors. <\/span><\/span><br \/>\n<span style=\"vertical-align: inherit;\"><span style=\"vertical-align: inherit;\">C\u00e0psules de caf\u00e8 lavazza herm\u00e8tiques compatibles amb el sistema Nespresso \u00ae*<\/span><\/span><\/p>\n","protected":false},"featured_media":6703,"comment_status":"closed","ping_status":"closed","template":"","meta":[],"product_brand":[],"product_cat":[222,241],"product_tag":[],"class_list":{"0":"post-6995","1":"product","2":"type-product","3":"status-publish","4":"has-post-thumbnail","6":"product_cat-capsules-ca","7":"product_cat-compatible-nespresso-lavazza-ca","9":"first","10":"instock","11":"purchasable","12":"product-type-simple"},"jetpack_sharing_enabled":true,"_links":{"self":[{"href":"https:\/\/www.vendingmartinez.cat\/ca\/wp-json\/wp\/v2\/product\/6995","targetHints":{"allow":["GET"]}}],"collection":[{"href":"https:\/\/www.vendingmartinez.cat\/ca\/wp-json\/wp\/v2\/product"}],"about":[{"href":"https:\/\/www.vendingmartinez.cat\/ca\/wp-json\/wp\/v2\/types\/product"}],"replies":[{"embeddable":true,"href":"https:\/\/www.vendingmartinez.cat\/ca\/wp-json\/wp\/v2\/comments?post=6995"}],"version-history":[{"count":0,"href":"https:\/\/www.vendingmartinez.cat\/ca\/wp-json\/wp\/v2\/product\/6995\/revisions"}],"wp:featuredmedia":[{"embeddable":true,"href":"https:\/\/www.vendingmartinez.cat\/ca\/wp-json\/wp\/v2\/media\/6703"}],"wp:attachment":[{"href":"https:\/\/www.vendingmartinez.cat\/ca\/wp-json\/wp\/v2\/media?parent=6995"}],"wp:term":[{"taxonomy":"product_brand","embeddable":true,"href":"https:\/\/www.vendingmartinez.cat\/ca\/wp-json\/wp\/v2\/product_brand?post=6995"},{"taxonomy":"product_cat","embeddable":true,"href":"https:\/\/www.vendingmartinez.cat\/ca\/wp-json\/wp\/v2\/product_cat?post=6995"},{"taxonomy":"product_tag","embeddable":true,"href":"https:\/\/www.vendingmartinez.cat\/ca\/wp-json\/wp\/v2\/product_tag?post=6995"}],"curies":[{"name":"wp","href":"https:\/\/api.w.org\/{rel}","templated":true}]}}