{"id":6996,"date":"2021-12-03T12:30:10","date_gmt":"2021-12-03T12:30:10","guid":{"rendered":"https:\/\/www.vendingmartinez.cat\/producto\/got-de-plastic-bicolor-100u-150cc\/"},"modified":"2021-12-03T12:30:10","modified_gmt":"2021-12-03T12:30:10","slug":"got-de-plastic-bicolor-100u-150cc-2","status":"publish","type":"product","link":"https:\/\/www.vendingmartinez.cat\/ca\/producte\/got-de-plastic-bicolor-100u-150cc-2\/","title":{"rendered":"Got de pl\u00e0stic bicolor (100u) 150cc"},"content":{"rendered":"<p><span style=\"vertical-align: inherit;\"><span style=\"vertical-align: inherit;\">Got de caf\u00e8, de color marr\u00f3 per fora i blanc per dins, de pl\u00e0stic poliestir\u00e8 PS de 150cc, apte per a totes les begudes. <\/span><\/span><br \/>\n<strong><span style=\"vertical-align: inherit;\"><span style=\"vertical-align: inherit;\">Detalls: <\/span><\/span><\/strong><br \/>\n<span style=\"vertical-align: inherit;\"><span style=\"vertical-align: inherit;\">Capacitat: 150cc.<br \/>\n<\/span><\/span>Unitats: 100<br \/>\nColor: marr\u00f3 i blanc.<\/p>\n","protected":false},"excerpt":{"rendered":"<p>Got de caf\u00e8, de color marr\u00f3 per fora i blanc per dins, de pl\u00e0stic poliestir\u00e8 PS de 150cc, apte per a totes les begudes.<\/p>\n","protected":false},"featured_media":6704,"comment_status":"closed","ping_status":"closed","template":"","meta":[],"product_brand":[],"product_cat":[227],"product_tag":[],"class_list":{"0":"post-6996","1":"product","2":"type-product","3":"status-publish","4":"has-post-thumbnail","6":"product_cat-accessoris-ca","8":"first","9":"instock","10":"purchasable","11":"product-type-simple"},"jetpack_sharing_enabled":true,"_links":{"self":[{"href":"https:\/\/www.vendingmartinez.cat\/ca\/wp-json\/wp\/v2\/product\/6996","targetHints":{"allow":["GET"]}}],"collection":[{"href":"https:\/\/www.vendingmartinez.cat\/ca\/wp-json\/wp\/v2\/product"}],"about":[{"href":"https:\/\/www.vendingmartinez.cat\/ca\/wp-json\/wp\/v2\/types\/product"}],"replies":[{"embeddable":true,"href":"https:\/\/www.vendingmartinez.cat\/ca\/wp-json\/wp\/v2\/comments?post=6996"}],"version-history":[{"count":0,"href":"https:\/\/www.vendingmartinez.cat\/ca\/wp-json\/wp\/v2\/product\/6996\/revisions"}],"wp:featuredmedia":[{"embeddable":true,"href":"https:\/\/www.vendingmartinez.cat\/ca\/wp-json\/wp\/v2\/media\/6704"}],"wp:attachment":[{"href":"https:\/\/www.vendingmartinez.cat\/ca\/wp-json\/wp\/v2\/media?parent=6996"}],"wp:term":[{"taxonomy":"product_brand","embeddable":true,"href":"https:\/\/www.vendingmartinez.cat\/ca\/wp-json\/wp\/v2\/product_brand?post=6996"},{"taxonomy":"product_cat","embeddable":true,"href":"https:\/\/www.vendingmartinez.cat\/ca\/wp-json\/wp\/v2\/product_cat?post=6996"},{"taxonomy":"product_tag","embeddable":true,"href":"https:\/\/www.vendingmartinez.cat\/ca\/wp-json\/wp\/v2\/product_tag?post=6996"}],"curies":[{"name":"wp","href":"https:\/\/api.w.org\/{rel}","templated":true}]}}