{"id":6999,"date":"2021-12-03T13:20:10","date_gmt":"2021-12-03T13:20:10","guid":{"rendered":"https:\/\/www.vendingmartinez.cat\/producto\/cafe-en-gra-lavazza-terra-bio-organic\/"},"modified":"2021-12-03T13:20:10","modified_gmt":"2021-12-03T13:20:10","slug":"cafe-en-fiore-lavazza-tierra-bio-organic","status":"publish","type":"product","link":"https:\/\/www.vendingmartinez.cat\/ca\/producte\/cafe-en-fiore-lavazza-tierra-bio-organic\/","title":{"rendered":"Caf\u00e8 en gra Lavazza Terra! Bio-org\u00e0nic"},"content":{"rendered":"<p>Caf\u00e8 de gra provinent d&#8217;agricultura org\u00e0nica. Qualitat Premium. Un caf\u00e8 amb aroma exuberant i un sabor poder\u00f3s amb tocs arom\u00e0tics. Certificat UTZ, USDA, Biologique Canada&#8230;<\/p>\n<p>&#8211; Composici\u00f3n: Mix Ar\u00e0bica y Robusta<br \/>\n&#8211; Origen: Sudam\u00e8rica y \u00c1frica<br \/>\n&#8211; Perfil Arom\u00e0tic: Arom\u00e0tic amb notes de fruita confitada.<br \/>\n&#8211; Intensitat: 8\/10<br \/>\n&#8211; Quantitat: 1Kg<\/p>\n","protected":false},"excerpt":{"rendered":"<p>Caf\u00e8 de gra provinent d&#8217;agricultura org\u00e0nica. Qualitat Premium. Un caf\u00e8 amb aroma exuberant i un sabor poder\u00f3s amb tocs arom\u00e0tics. Certificat UTZ, USDA, Biologique Canada&#8230;<\/p>\n","protected":false},"featured_media":6706,"comment_status":"closed","ping_status":"closed","template":"","meta":[],"product_brand":[],"product_cat":[234,236],"product_tag":[],"class_list":{"0":"post-6999","1":"product","2":"type-product","3":"status-publish","4":"has-post-thumbnail","6":"product_cat-cafe-en-gra-ca","7":"product_cat-lavazza-ca","9":"first","10":"outofstock","11":"purchasable","12":"product-type-simple"},"jetpack_sharing_enabled":true,"_links":{"self":[{"href":"https:\/\/www.vendingmartinez.cat\/ca\/wp-json\/wp\/v2\/product\/6999","targetHints":{"allow":["GET"]}}],"collection":[{"href":"https:\/\/www.vendingmartinez.cat\/ca\/wp-json\/wp\/v2\/product"}],"about":[{"href":"https:\/\/www.vendingmartinez.cat\/ca\/wp-json\/wp\/v2\/types\/product"}],"replies":[{"embeddable":true,"href":"https:\/\/www.vendingmartinez.cat\/ca\/wp-json\/wp\/v2\/comments?post=6999"}],"version-history":[{"count":0,"href":"https:\/\/www.vendingmartinez.cat\/ca\/wp-json\/wp\/v2\/product\/6999\/revisions"}],"wp:featuredmedia":[{"embeddable":true,"href":"https:\/\/www.vendingmartinez.cat\/ca\/wp-json\/wp\/v2\/media\/6706"}],"wp:attachment":[{"href":"https:\/\/www.vendingmartinez.cat\/ca\/wp-json\/wp\/v2\/media?parent=6999"}],"wp:term":[{"taxonomy":"product_brand","embeddable":true,"href":"https:\/\/www.vendingmartinez.cat\/ca\/wp-json\/wp\/v2\/product_brand?post=6999"},{"taxonomy":"product_cat","embeddable":true,"href":"https:\/\/www.vendingmartinez.cat\/ca\/wp-json\/wp\/v2\/product_cat?post=6999"},{"taxonomy":"product_tag","embeddable":true,"href":"https:\/\/www.vendingmartinez.cat\/ca\/wp-json\/wp\/v2\/product_tag?post=6999"}],"curies":[{"name":"wp","href":"https:\/\/api.w.org\/{rel}","templated":true}]}}