{"id":7109,"date":"2022-05-26T11:35:46","date_gmt":"2022-05-26T11:35:46","guid":{"rendered":"https:\/\/www.vendingmartinez.cat\/?post_type=product&#038;p=7109"},"modified":"2022-05-26T12:01:09","modified_gmt":"2022-05-26T12:01:09","slug":"lavazza-espresso-maestro-ristretto-compatible-nespresso-aluminio-cero-co2-10-u","status":"publish","type":"product","link":"https:\/\/www.vendingmartinez.cat\/ca\/producte\/lavazza-espresso-maestro-ristretto-compatible-nespresso-aluminio-cero-co2-10-u\/","title":{"rendered":"Lavazza Espresso Maestro Ristretto (Compatible Nespresso) Aluminio Cero CO2<br> (10 u.)"},"content":{"rendered":"<div><span lang=\"EN-US\">Blend ideal per a un caf\u00e8 Ristretto curt i intens.<br \/>\n<\/span>L&#8217;eleg\u00e0ncia d\u2019un Ristretto amb notes de caramel i xocolata.<br \/>\nC\u00e0psules herm\u00e8tiques de caf\u00e8 Lavazza compatibles amb el sistema Nespresso \u00ae* .<\/div>\n<div><\/div>\n","protected":false},"excerpt":{"rendered":"<p>Blend ideal per a un caf\u00e8 Ristretto curt i intens.<\/p>\n","protected":false},"featured_media":7115,"comment_status":"closed","ping_status":"closed","template":"","meta":[],"product_brand":[],"product_cat":[222,241],"product_tag":[312,313,314,315,316],"class_list":{"0":"post-7109","1":"product","2":"type-product","3":"status-publish","4":"has-post-thumbnail","6":"product_cat-capsules-ca","7":"product_cat-compatible-nespresso-lavazza-ca","8":"product_tag-cafe-ca","9":"product_tag-capsulas-ca","10":"product_tag-compatible-nespresso-ca","11":"product_tag-lavazza-ca","12":"product_tag-ristretto-ca","14":"first","15":"instock","16":"purchasable","17":"product-type-simple"},"jetpack_sharing_enabled":true,"_links":{"self":[{"href":"https:\/\/www.vendingmartinez.cat\/ca\/wp-json\/wp\/v2\/product\/7109","targetHints":{"allow":["GET"]}}],"collection":[{"href":"https:\/\/www.vendingmartinez.cat\/ca\/wp-json\/wp\/v2\/product"}],"about":[{"href":"https:\/\/www.vendingmartinez.cat\/ca\/wp-json\/wp\/v2\/types\/product"}],"replies":[{"embeddable":true,"href":"https:\/\/www.vendingmartinez.cat\/ca\/wp-json\/wp\/v2\/comments?post=7109"}],"version-history":[{"count":0,"href":"https:\/\/www.vendingmartinez.cat\/ca\/wp-json\/wp\/v2\/product\/7109\/revisions"}],"wp:featuredmedia":[{"embeddable":true,"href":"https:\/\/www.vendingmartinez.cat\/ca\/wp-json\/wp\/v2\/media\/7115"}],"wp:attachment":[{"href":"https:\/\/www.vendingmartinez.cat\/ca\/wp-json\/wp\/v2\/media?parent=7109"}],"wp:term":[{"taxonomy":"product_brand","embeddable":true,"href":"https:\/\/www.vendingmartinez.cat\/ca\/wp-json\/wp\/v2\/product_brand?post=7109"},{"taxonomy":"product_cat","embeddable":true,"href":"https:\/\/www.vendingmartinez.cat\/ca\/wp-json\/wp\/v2\/product_cat?post=7109"},{"taxonomy":"product_tag","embeddable":true,"href":"https:\/\/www.vendingmartinez.cat\/ca\/wp-json\/wp\/v2\/product_tag?post=7109"}],"curies":[{"name":"wp","href":"https:\/\/api.w.org\/{rel}","templated":true}]}}