{"id":7528,"date":"2022-06-14T08:04:55","date_gmt":"2022-06-14T08:04:55","guid":{"rendered":"https:\/\/www.vendingmartinez.cat\/?post_type=product&#038;p=7528"},"modified":"2022-06-14T09:59:10","modified_gmt":"2022-06-14T09:59:10","slug":"cafe-grano-tupinamba-delicatessen-extrisimo-natural-1kg-copia","status":"publish","type":"product","link":"https:\/\/www.vendingmartinez.cat\/ca\/producte\/cafe-grano-tupinamba-delicatessen-extrisimo-natural-1kg-copia\/","title":{"rendered":"Caf\u00e8 Gra Tupinamba Cimbali (1Kg)"},"content":{"rendered":"<p>Caf\u00e8 natural a base de Robustes naturals Asi\u00e0tics.<br \/>\nCaf\u00e8 amb gran cos i una aroma definida, un sabor fortament amarg. Una tassa de caf\u00e8 amb aroma mig-baixa, amb cos intens i crema persistent.<\/p>\n","protected":false},"excerpt":{"rendered":"<p>Caf\u00e8 natural amb ar\u00e0bigues i un lleuger percentatge de robusta.<\/p>\n","protected":false},"featured_media":6669,"comment_status":"closed","ping_status":"closed","template":"","meta":[],"product_brand":[],"product_cat":[52,55],"product_tag":[],"class_list":{"0":"post-7528","1":"product","2":"type-product","3":"status-publish","4":"has-post-thumbnail","6":"product_cat-cafe-en-grano","7":"product_cat-tupinamba","9":"first","10":"instock","11":"purchasable","12":"product-type-simple"},"jetpack_sharing_enabled":true,"_links":{"self":[{"href":"https:\/\/www.vendingmartinez.cat\/ca\/wp-json\/wp\/v2\/product\/7528","targetHints":{"allow":["GET"]}}],"collection":[{"href":"https:\/\/www.vendingmartinez.cat\/ca\/wp-json\/wp\/v2\/product"}],"about":[{"href":"https:\/\/www.vendingmartinez.cat\/ca\/wp-json\/wp\/v2\/types\/product"}],"replies":[{"embeddable":true,"href":"https:\/\/www.vendingmartinez.cat\/ca\/wp-json\/wp\/v2\/comments?post=7528"}],"version-history":[{"count":0,"href":"https:\/\/www.vendingmartinez.cat\/ca\/wp-json\/wp\/v2\/product\/7528\/revisions"}],"wp:featuredmedia":[{"embeddable":true,"href":"https:\/\/www.vendingmartinez.cat\/ca\/wp-json\/wp\/v2\/media\/6669"}],"wp:attachment":[{"href":"https:\/\/www.vendingmartinez.cat\/ca\/wp-json\/wp\/v2\/media?parent=7528"}],"wp:term":[{"taxonomy":"product_brand","embeddable":true,"href":"https:\/\/www.vendingmartinez.cat\/ca\/wp-json\/wp\/v2\/product_brand?post=7528"},{"taxonomy":"product_cat","embeddable":true,"href":"https:\/\/www.vendingmartinez.cat\/ca\/wp-json\/wp\/v2\/product_cat?post=7528"},{"taxonomy":"product_tag","embeddable":true,"href":"https:\/\/www.vendingmartinez.cat\/ca\/wp-json\/wp\/v2\/product_tag?post=7528"}],"curies":[{"name":"wp","href":"https:\/\/api.w.org\/{rel}","templated":true}]}}