{"id":7777,"date":"2025-02-12T14:41:37","date_gmt":"2025-02-12T14:41:37","guid":{"rendered":"https:\/\/www.vendingmartinez.cat\/?post_type=product&#038;p=7777"},"modified":"2026-03-06T08:35:07","modified_gmt":"2026-03-06T08:35:07","slug":"espresso-barista-intenso-500gr","status":"publish","type":"product","link":"https:\/\/www.vendingmartinez.cat\/ca\/producte\/espresso-barista-intenso-500gr\/","title":{"rendered":"Espresso Barista Intenso 500gr"},"content":{"rendered":"<p>Espresso Barista Intenso, \u00e9s una selecci\u00f3 de barreges de grans de Robusta i Ar\u00e0biga, amb regust a cacao i fusta, un caf\u00e9 amb cos, intensitat i crema persistent. \u00e9s la expressi\u00f3 del coneixament expert de Lavazza en la elaboraci\u00f3 d&#8217;un caf\u00e8 de qualitat superior, per a degustar-lo com un aut\u00e8ntic barista.<\/p>\n<p>&nbsp;<\/p>\n","protected":false},"excerpt":{"rendered":"<p>Espresso Barista Intenso, \u00e9s una selecci\u00f3 de barreges de grans de Robusta i Ar\u00e0biga, amb regust a cacao i fusta, un caf\u00e9 amb cos, intensitat i crema persistent. \u00e9s la expressi\u00f3 del coneixament expert de Lavazza en la elaboraci\u00f3 d&#8217;un caf\u00e8 de qualitat superior, per a degustar-lo com un aut\u00e8ntic barista. &nbsp;<\/p>\n","protected":false},"featured_media":7999,"comment_status":"open","ping_status":"closed","template":"","meta":[],"product_brand":[],"product_cat":[230],"product_tag":[],"class_list":{"0":"post-7777","1":"product","2":"type-product","3":"status-publish","4":"has-post-thumbnail","6":"product_cat-en-gra-ca","8":"first","9":"instock","10":"shipping-taxable","11":"purchasable","12":"product-type-simple"},"jetpack_sharing_enabled":true,"_links":{"self":[{"href":"https:\/\/www.vendingmartinez.cat\/ca\/wp-json\/wp\/v2\/product\/7777","targetHints":{"allow":["GET"]}}],"collection":[{"href":"https:\/\/www.vendingmartinez.cat\/ca\/wp-json\/wp\/v2\/product"}],"about":[{"href":"https:\/\/www.vendingmartinez.cat\/ca\/wp-json\/wp\/v2\/types\/product"}],"replies":[{"embeddable":true,"href":"https:\/\/www.vendingmartinez.cat\/ca\/wp-json\/wp\/v2\/comments?post=7777"}],"version-history":[{"count":3,"href":"https:\/\/www.vendingmartinez.cat\/ca\/wp-json\/wp\/v2\/product\/7777\/revisions"}],"predecessor-version":[{"id":8139,"href":"https:\/\/www.vendingmartinez.cat\/ca\/wp-json\/wp\/v2\/product\/7777\/revisions\/8139"}],"wp:featuredmedia":[{"embeddable":true,"href":"https:\/\/www.vendingmartinez.cat\/ca\/wp-json\/wp\/v2\/media\/7999"}],"wp:attachment":[{"href":"https:\/\/www.vendingmartinez.cat\/ca\/wp-json\/wp\/v2\/media?parent=7777"}],"wp:term":[{"taxonomy":"product_brand","embeddable":true,"href":"https:\/\/www.vendingmartinez.cat\/ca\/wp-json\/wp\/v2\/product_brand?post=7777"},{"taxonomy":"product_cat","embeddable":true,"href":"https:\/\/www.vendingmartinez.cat\/ca\/wp-json\/wp\/v2\/product_cat?post=7777"},{"taxonomy":"product_tag","embeddable":true,"href":"https:\/\/www.vendingmartinez.cat\/ca\/wp-json\/wp\/v2\/product_tag?post=7777"}],"curies":[{"name":"wp","href":"https:\/\/api.w.org\/{rel}","templated":true}]}}